{"id":736,"date":"2020-08-31T22:07:09","date_gmt":"2020-08-31T20:07:09","guid":{"rendered":"https:\/\/villabellaestanca.com\/our-services\/"},"modified":"2024-09-02T13:25:53","modified_gmt":"2024-09-02T11:25:53","slug":"our-services","status":"publish","type":"page","link":"https:\/\/villabellaestanca.com\/ca\/our-services\/","title":{"rendered":"Els nostres serveis"},"content":{"rendered":"<p>[et_pb_section fb_built=&#8221;1&#8243; admin_label=&#8221;Header&#8221; _builder_version=&#8221;4.27.0&#8243; _module_preset=&#8221;default&#8221; background_color=&#8221;gcid-5aa9ce6a-8a5e-4347-973a-c6b91f603234&#8243; use_background_color_gradient=&#8221;on&#8221; background_color_gradient_stops=&#8221;rgba(0,0,0,0.7) 0%|rgba(0,0,0,0.7) 100%&#8221; background_color_gradient_overlays_image=&#8221;on&#8221; background_image=&#8221;https:\/\/villabellaestanca.com\/wp-content\/uploads\/2024\/09\/20240831_144441-scaled.jpg&#8221; width=&#8221;94%&#8221; width_tablet=&#8221;80%&#8221; width_phone=&#8221;80%&#8221; width_last_edited=&#8221;on|desktop&#8221; max_width=&#8221;2000px&#8221; module_alignment=&#8221;center&#8221; custom_margin=&#8221;3vw||20px||false|false&#8221; custom_margin_tablet=&#8221;||0px||false|false&#8221; custom_margin_phone=&#8221;||0px||false|false&#8221; custom_margin_last_edited=&#8221;on|tablet&#8221; custom_padding=&#8221;6vw||6vw||true|false&#8221; hover_enabled=&#8221;0&#8243; border_radii=&#8221;on|10px|10px|10px|10px&#8221; locked=&#8221;off&#8221; collapsed=&#8221;on&#8221; global_colors_info=&#8221;{%22gcid-5aa9ce6a-8a5e-4347-973a-c6b91f603234%22:%91%22background_color%22,%22background_color%22%93}&#8221; title_text=&#8221;20240831_144441&#8243; sticky_enabled=&#8221;0&#8243;][et_pb_row _builder_version=&#8221;4.21.0&#8243; _module_preset=&#8221;default&#8221; global_colors_info=&#8221;{}&#8221;][et_pb_column type=&#8221;4_4&#8243; _builder_version=&#8221;4.21.0&#8243; _module_preset=&#8221;default&#8221; global_colors_info=&#8221;{}&#8221;][et_pb_text _builder_version=&#8221;4.21.0&#8243; _module_preset=&#8221;f5b15170-d31a-4617-974d-69b0b4df6bf5&#8243; header_text_color=&#8221;#FFFFFF&#8221; text_orientation=&#8221;center&#8221; locked=&#8221;off&#8221; global_colors_info=&#8221;{}&#8221;]<\/p>\n<h1>Els nostres serveis<\/h1>\n<p>[\/et_pb_text][\/et_pb_column][\/et_pb_row][\/et_pb_section][et_pb_section fb_built=&#8221;1&#8243; custom_padding_last_edited=&#8221;on|tablet&#8221; admin_label=&#8221;Call to Action&#8221; _builder_version=&#8221;4.21.0&#8243; _module_preset=&#8221;default&#8221; custom_padding=&#8221;0px||20px||false|false&#8221; custom_padding_tablet=&#8221;0px||0px||false|false&#8221; custom_padding_phone=&#8221;0px||0px||false|false&#8221; locked=&#8221;off&#8221; collapsed=&#8221;on&#8221; global_colors_info=&#8221;{}&#8221;][et_pb_row column_structure=&#8221;2_5,3_5&#8243; use_custom_gutter=&#8221;on&#8221; gutter_width=&#8221;2&#8243; make_equal=&#8221;on&#8221; _builder_version=&#8221;4.27.0&#8243; _module_preset=&#8221;default&#8221; width=&#8221;94%&#8221; width_tablet=&#8221;80%&#8221; width_phone=&#8221;80%&#8221; width_last_edited=&#8221;on|desktop&#8221; max_width=&#8221;2000px&#8221; hover_enabled=&#8221;0&#8243; global_colors_info=&#8221;{}&#8221; sticky_enabled=&#8221;0&#8243;][et_pb_column type=&#8221;2_5&#8243; _builder_version=&#8221;4.27.0&#8243; _module_preset=&#8221;default&#8221; background_color=&#8221;#00084C&#8221; custom_padding=&#8221;7vw|50px|7vw|50px|true|true&#8221; custom_padding_tablet=&#8221;|30px||30px|false|true&#8221; custom_padding_phone=&#8221;|20px||20px|true|true&#8221; custom_padding_last_edited=&#8221;on|desktop&#8221; border_radii=&#8221;on|10px|10px|10px|10px&#8221; global_colors_info=&#8221;{}&#8221;][et_pb_text _builder_version=&#8221;4.21.0&#8243; _module_preset=&#8221;e527523b-cc10-46f5-bced-df6f73c2d85a&#8221; header_3_text_color=&#8221;#FFFFFF&#8221; custom_margin=&#8221;||10px||false|false&#8221; global_colors_info=&#8221;{}&#8221;]<\/p>\n<h3>Totes les comoditats d&#8217;una casa familiar<\/h3>\n<p>[\/et_pb_text][et_pb_text _builder_version=&#8221;4.27.0&#8243; _module_preset=&#8221;f6225b55-e165-454c-a5fa-27ffc59dcfdb&#8221; text_text_color=&#8221;#FFFFFF&#8221; global_colors_info=&#8221;{}&#8221;]<\/p>\n<h6>Volem fer les teves vacances el m\u00e9s c\u00f2modes possibles, \u00e9s per aix\u00f2 que us oferim els millors serveis i facilitats.\u00a0<\/h6>\n<p>[\/et_pb_text][\/et_pb_column][et_pb_column type=&#8221;3_5&#8243; _builder_version=&#8221;4.27.0&#8243; _module_preset=&#8221;default&#8221; background_image=&#8221;https:\/\/villabellaestanca.com\/wp-content\/uploads\/2024\/09\/20240831_145244-scaled.jpg&#8221; hover_enabled=&#8221;0&#8243; border_radii=&#8221;on|10px|10px|10px|10px&#8221; global_colors_info=&#8221;{}&#8221; title_text=&#8221;20240831_145244&#8243; sticky_enabled=&#8221;0&#8243;][et_pb_divider show_divider=&#8221;off&#8221; _builder_version=&#8221;4.21.0&#8243; _module_preset=&#8221;default&#8221; height_tablet=&#8221;40vw&#8221; height_phone=&#8221;40vw&#8221; height_last_edited=&#8221;on|desktop&#8221; locked=&#8221;off&#8221; global_colors_info=&#8221;{}&#8221;][\/et_pb_divider][\/et_pb_column][\/et_pb_row][et_pb_row column_structure=&#8221;3_5,2_5&#8243; use_custom_gutter=&#8221;on&#8221; gutter_width=&#8221;2&#8243; make_equal=&#8221;on&#8221; custom_padding_last_edited=&#8221;on|tablet&#8221; _builder_version=&#8221;4.27.0&#8243; _module_preset=&#8221;default&#8221; width=&#8221;94%&#8221; width_tablet=&#8221;80%&#8221; width_phone=&#8221;80%&#8221; width_last_edited=&#8221;on|tablet&#8221; max_width=&#8221;2023px&#8221; height=&#8221;541px&#8221; max_height=&#8221;1000px&#8221; custom_padding=&#8221;||20px||false|false&#8221; custom_padding_tablet=&#8221;||||false|false&#8221; custom_padding_phone=&#8221;||||false|false&#8221; global_colors_info=&#8221;{}&#8221;][et_pb_column type=&#8221;3_5&#8243; _builder_version=&#8221;4.27.0&#8243; _module_preset=&#8221;default&#8221; background_image=&#8221;https:\/\/villabellaestanca.com\/wp-content\/uploads\/2024\/03\/IMG-20240213-WA0017-2-1.jpg&#8221; border_radii=&#8221;on|10px|10px|10px|10px&#8221; global_colors_info=&#8221;{}&#8221;][et_pb_divider show_divider=&#8221;off&#8221; _builder_version=&#8221;4.21.0&#8243; _module_preset=&#8221;default&#8221; height_tablet=&#8221;40vw&#8221; height_phone=&#8221;40vw&#8221; height_last_edited=&#8221;on|desktop&#8221; locked=&#8221;off&#8221; global_colors_info=&#8221;{}&#8221;][\/et_pb_divider][\/et_pb_column][et_pb_column type=&#8221;2_5&#8243; _builder_version=&#8221;4.27.0&#8243; _module_preset=&#8221;default&#8221; background_color=&#8221;#00084C&#8221; custom_padding=&#8221;7vw|50px|7vw|50px|true|true&#8221; custom_padding_tablet=&#8221;|30px||30px|true|true&#8221; custom_padding_phone=&#8221;|20px||20px|true|true&#8221; custom_padding_last_edited=&#8221;on|phone&#8221; border_radii=&#8221;on|10px|10px|10px|10px&#8221; global_colors_info=&#8221;{}&#8221;][et_pb_text _builder_version=&#8221;4.27.0&#8243; _module_preset=&#8221;e527523b-cc10-46f5-bced-df6f73c2d85a&#8221; custom_margin=&#8221;||10px||false|false&#8221; global_colors_info=&#8221;{}&#8221;][\/et_pb_text][et_pb_text _builder_version=&#8221;4.27.0&#8243; _module_preset=&#8221;f6225b55-e165-454c-a5fa-27ffc59dcfdb&#8221; transform_translate=&#8221;-3px|-84px&#8221; global_colors_info=&#8221;{}&#8221;]<\/p>\n<ul>\n<li>\n<h4><span style=\"color: #ffffff;\">Wifi gratu\u00eft.\u00a0<\/span><\/h4>\n<\/li>\n<li>\n<h4><span style=\"color: #ffffff;\">Smart TV, Netflix, Play Station 3.<\/span><\/h4>\n<\/li>\n<li>\n<h4><span style=\"color: #ffffff;\">Tovalloles de piscina i de bany.<\/span><\/h4>\n<\/li>\n<li>\n<h4><span style=\"color: #ffffff;\">Sis bicicletes d&#8217;adult.<\/span><\/h4>\n<\/li>\n<li>\n<h4><span style=\"color: #ffffff;\">Servei de neteja i jardineria.<\/span><\/h4>\n<\/li>\n<li>\n<h4><span style=\"color: #ffffff;\">Jocs de taula.<\/span><\/h4>\n<\/li>\n<li>\n<h4><span style=\"color: #ffffff;\">Cadires de platja i tumbones.<\/span><\/h4>\n<\/li>\n<li>\n<h4><span style=\"color: #ffffff;\">Llar de foc.<\/span><\/h4>\n<\/li>\n<li>\n<h4><span style=\"color: #ffffff;\">Barbacoa.<\/span><\/h4>\n<\/li>\n<li>\n<h4><span style=\"color: #ffffff;\">Assecador de cabell.<\/span><\/h4>\n<\/li>\n<li>\n<h4><span style=\"color: #ffffff;\">Rentadora i secadora.<\/span><\/h4>\n<\/li>\n<li>\n<h4><span style=\"color: #ffffff;\">M\u00e0quina de caf\u00e8.<\/span><\/h4>\n<\/li>\n<li>\n<h4><span style=\"color: #ffffff;\">Kit de benvinguda.<\/span><\/h4>\n<\/li>\n<\/ul>\n<p>[\/et_pb_text][\/et_pb_column][\/et_pb_row][et_pb_row column_structure=&#8221;1_5,1_5,1_5,1_5,1_5&#8243; _builder_version=&#8221;4.27.0&#8243; _module_preset=&#8221;default&#8221; max_width=&#8221;1313px&#8221; global_colors_info=&#8221;{}&#8221;][et_pb_column type=&#8221;1_5&#8243; _builder_version=&#8221;4.27.0&#8243; _module_preset=&#8221;default&#8221; border_radii=&#8221;on|10px|10px|10px|10px&#8221; global_colors_info=&#8221;{}&#8221;][et_pb_image src=&#8221;https:\/\/villabellaestanca.com\/wp-content\/uploads\/2024\/08\/P4121118-scaled.jpg&#8221; title_text=&#8221;OLYMPUS DIGITAL CAMERA&#8221; _builder_version=&#8221;4.27.0&#8243; _module_preset=&#8221;default&#8221; global_colors_info=&#8221;{}&#8221;][\/et_pb_image][\/et_pb_column][et_pb_column type=&#8221;1_5&#8243; _builder_version=&#8221;4.27.0&#8243; _module_preset=&#8221;default&#8221; background_image=&#8221;https:\/\/villabellaestanca.com\/wp-content\/uploads\/2024\/03\/IMG-20240220-WA0014.jpg&#8221; border_radii=&#8221;on|10px|10px|10px|10px&#8221; global_colors_info=&#8221;{}&#8221;][et_pb_image src=&#8221;https:\/\/villabellaestanca.com\/wp-content\/uploads\/2022\/10\/20220926_163903-scaled.jpg&#8221; title_text=&#8221;20220926_163903&#8243; _builder_version=&#8221;4.27.0&#8243; _module_preset=&#8221;default&#8221; global_colors_info=&#8221;{}&#8221;][\/et_pb_image][\/et_pb_column][et_pb_column type=&#8221;1_5&#8243; _builder_version=&#8221;4.27.0&#8243; _module_preset=&#8221;default&#8221; border_radii=&#8221;on|10px|10px|10px|10px&#8221; global_colors_info=&#8221;{}&#8221;][et_pb_image src=&#8221;https:\/\/villabellaestanca.com\/wp-content\/uploads\/2024\/09\/20240831_143728-scaled.jpg&#8221; title_text=&#8221;20240831_143728&#8243; _builder_version=&#8221;4.27.0&#8243; _module_preset=&#8221;default&#8221; hover_enabled=&#8221;0&#8243; global_colors_info=&#8221;{}&#8221; sticky_enabled=&#8221;0&#8243;][\/et_pb_image][\/et_pb_column][et_pb_column type=&#8221;1_5&#8243; _builder_version=&#8221;4.27.0&#8243; _module_preset=&#8221;default&#8221; border_radii=&#8221;on|10px|10px|10px|10px&#8221; global_colors_info=&#8221;{}&#8221;][et_pb_image src=&#8221;https:\/\/villabellaestanca.com\/wp-content\/uploads\/2024\/03\/20240204_122628-scaled.jpg&#8221; title_text=&#8221;20240204_122628&#8243; _builder_version=&#8221;4.27.0&#8243; _module_preset=&#8221;default&#8221; global_colors_info=&#8221;{}&#8221;][\/et_pb_image][\/et_pb_column][et_pb_column type=&#8221;1_5&#8243; _builder_version=&#8221;4.27.0&#8243; _module_preset=&#8221;default&#8221; border_radii=&#8221;on|10px|10px|10px|10px&#8221; global_colors_info=&#8221;{}&#8221;][et_pb_image src=&#8221;https:\/\/villabellaestanca.com\/wp-content\/uploads\/2021\/05\/P5209240-scaled.jpg&#8221; title_text=&#8221;OLYMPUS DIGITAL CAMERA&#8221; _builder_version=&#8221;4.27.0&#8243; _module_preset=&#8221;default&#8221; global_colors_info=&#8221;{}&#8221;][\/et_pb_image][\/et_pb_column][\/et_pb_row][et_pb_row column_structure=&#8221;1_3,1_3,1_3&#8243; _builder_version=&#8221;4.27.0&#8243; _module_preset=&#8221;default&#8221; max_width=&#8221;1290px&#8221; global_colors_info=&#8221;{}&#8221;][et_pb_column type=&#8221;1_3&#8243; _builder_version=&#8221;4.27.0&#8243; _module_preset=&#8221;default&#8221; border_radii=&#8221;on|10px|10px|10px|10px&#8221; global_colors_info=&#8221;{}&#8221;][et_pb_image src=&#8221;https:\/\/villabellaestanca.com\/wp-content\/uploads\/2023\/03\/PC251714-scaled.jpg&#8221; title_text=&#8221;OLYMPUS DIGITAL CAMERA&#8221; _builder_version=&#8221;4.27.0&#8243; _module_preset=&#8221;default&#8221; hover_enabled=&#8221;0&#8243; global_colors_info=&#8221;{}&#8221; sticky_enabled=&#8221;0&#8243;][\/et_pb_image][\/et_pb_column][et_pb_column type=&#8221;1_3&#8243; _builder_version=&#8221;4.27.0&#8243; _module_preset=&#8221;default&#8221; border_radii=&#8221;on|10px|10px|10px|10px&#8221; global_colors_info=&#8221;{}&#8221;][et_pb_image src=&#8221;https:\/\/villabellaestanca.com\/wp-content\/uploads\/2024\/09\/20240831_145412-scaled.jpg&#8221; title_text=&#8221;20240831_145412&#8243; _builder_version=&#8221;4.27.0&#8243; _module_preset=&#8221;default&#8221; hover_enabled=&#8221;0&#8243; global_colors_info=&#8221;{}&#8221; sticky_enabled=&#8221;0&#8243;][\/et_pb_image][\/et_pb_column][et_pb_column type=&#8221;1_3&#8243; _builder_version=&#8221;4.27.0&#8243; _module_preset=&#8221;default&#8221; border_radii=&#8221;on|10px|10px|10px|10px&#8221; global_colors_info=&#8221;{}&#8221;][et_pb_image src=&#8221;https:\/\/villabellaestanca.com\/wp-content\/uploads\/2022\/01\/P9050857-scaled.jpg&#8221; title_text=&#8221;OLYMPUS DIGITAL CAMERA&#8221; _builder_version=&#8221;4.27.0&#8243; _module_preset=&#8221;default&#8221; global_colors_info=&#8221;{}&#8221;][\/et_pb_image][\/et_pb_column][\/et_pb_row][\/et_pb_section][et_pb_section fb_built=&#8221;1&#8243; admin_label=&#8221;Footer&#8221; _builder_version=&#8221;4.27.0&#8243; _module_preset=&#8221;default&#8221; background_color=&#8221;#00084C&#8221; border_radii=&#8221;on|10px|10px|10px|10px&#8221; saved_tabs=&#8221;all&#8221; collapsed=&#8221;on&#8221; global_colors_info=&#8221;{}&#8221;][et_pb_row _builder_version=&#8221;4.21.0&#8243; _module_preset=&#8221;default&#8221; global_colors_info=&#8221;{}&#8221;][et_pb_column type=&#8221;4_4&#8243; _builder_version=&#8221;4.21.0&#8243; _module_preset=&#8221;default&#8221; global_colors_info=&#8221;{}&#8221;][et_pb_text _builder_version=&#8221;4.27.0&#8243; _module_preset=&#8221;b1e80418-a7a0-4177-8a5f-69b757396a00&#8243; header_2_text_color=&#8221;#FFFFFF&#8221; text_orientation=&#8221;center&#8221; custom_margin=&#8221;||10px||false|false&#8221; global_colors_info=&#8221;{}&#8221;]<\/p>\n<h2>Villa Bella Estan\u00e7a<\/h2>\n<p>[\/et_pb_text][et_pb_text _builder_version=&#8221;4.27.0&#8243; _module_preset=&#8221;f6225b55-e165-454c-a5fa-27ffc59dcfdb&#8221; text_text_color=&#8221;#FFFFFF&#8221; text_orientation=&#8221;center&#8221; global_colors_info=&#8221;{}&#8221;]<\/p>\n<p>C\/ 14 Bis n\u00ba 4. 08860 Castelldefels, Barcelona, Catalunya, Spain.<\/p>\n<p>[\/et_pb_text][\/et_pb_column][\/et_pb_row][et_pb_row column_structure=&#8221;1_2,1_2&#8243; _builder_version=&#8221;4.21.0&#8243; _module_preset=&#8221;default&#8221; global_colors_info=&#8221;{}&#8221;][et_pb_column type=&#8221;1_2&#8243; _builder_version=&#8221;4.21.0&#8243; _module_preset=&#8221;default&#8221; global_colors_info=&#8221;{}&#8221;][et_pb_icon font_icon=&#8221;&#xe09a;||divi||400&#8243; icon_color=&#8221;#FFFFFF&#8221; icon_width=&#8221;16px&#8221; url=&#8221;https:\/\/www.instagram.com\/villabellaestanca\/&#8221; url_new_window=&#8221;on&#8221; _builder_version=&#8221;4.27.0&#8243; _module_preset=&#8221;default&#8221; custom_padding=&#8221;12px|12px|12px|12px|true|true&#8221; border_radii=&#8221;on|100px|100px|100px|100px&#8221; border_width_all=&#8221;1px&#8221; border_color_all=&#8221;#FFFFFF&#8221; locked=&#8221;off&#8221; global_colors_info=&#8221;{}&#8221;][\/et_pb_icon][et_pb_text _builder_version=&#8221;4.27.0&#8243; _module_preset=&#8221;99d4ff48-4015-4777-a0a5-8d874f172b02&#8243; link_text_color=&#8221;#FFFFFF&#8221; header_5_text_color=&#8221;#FFFFFF&#8221; text_orientation=&#8221;center&#8221; global_colors_info=&#8221;{}&#8221;]<\/p>\n<h5>@villabellaestanca<\/h5>\n<p>[\/et_pb_text][\/et_pb_column][et_pb_column type=&#8221;1_2&#8243; _builder_version=&#8221;4.21.0&#8243; _module_preset=&#8221;default&#8221; global_colors_info=&#8221;{}&#8221;][et_pb_icon font_icon=&#8221;&#xe076;||divi||400&#8243; icon_color=&#8221;#FFFFFF&#8221; icon_width=&#8221;16px&#8221; _builder_version=&#8221;4.21.0&#8243; _module_preset=&#8221;default&#8221; custom_padding=&#8221;12px|12px|12px|12px|true|true&#8221; border_radii=&#8221;on|100px|100px|100px|100px&#8221; border_width_all=&#8221;1px&#8221; border_color_all=&#8221;#FFFFFF&#8221; locked=&#8221;off&#8221; global_colors_info=&#8221;{}&#8221;][\/et_pb_icon][et_pb_text _builder_version=&#8221;4.27.0&#8243; _module_preset=&#8221;99d4ff48-4015-4777-a0a5-8d874f172b02&#8243; link_text_color=&#8221;#FFFFFF&#8221; header_5_text_color=&#8221;#FFFFFF&#8221; text_orientation=&#8221;center&#8221; global_colors_info=&#8221;{}&#8221;]<\/p>\n<h5><a href=\"mailto:#\">hello@villabellaestanca.com<\/a><\/h5>\n<p>[\/et_pb_text][\/et_pb_column][\/et_pb_row][\/et_pb_section]<\/p>\n","protected":false},"excerpt":{"rendered":"<p>Els nostres&#8230;<\/p>\n","protected":false},"author":1,"featured_media":0,"parent":0,"menu_order":0,"comment_status":"closed","ping_status":"closed","template":"","meta":{"_et_pb_use_builder":"on","_et_pb_old_content":"<h6 style=\"\"><strong>We want to make your vacation as comfortable as possible, that's why we offer you the best services.<\/strong><\/h6><ul><li>Free Wifi.&nbsp;<\/li><li>Smart TV, Netflix, Play Station 3.<\/li><li>Pool and shower towels.<\/li><li>Six bicycles.<\/li><li>Cleaning and gardering services.<\/li><li>Board Games.<\/li><li>Beach chairs and loungers.<\/li><li>Fireplace.<\/li><li>Barbecue.<\/li><li>Hair dryer.<\/li><li>Washing machine &amp; tumble dryer.<\/li><li>Coffee Machine.<\/li><li>Welcome Kit.<\/li><\/ul>[smartslider3 slider=\"12\"]","_et_gb_content_width":"","footnotes":""},"class_list":["post-736","page","type-page","status-publish","hentry"],"yoast_head":"<!-- This site is optimized with the Yoast SEO plugin v27.3 - https:\/\/yoast.com\/product\/yoast-seo-wordpress\/ -->\n<title>Els nostres serveis - Villa Bella Estan\u00e7a<\/title>\n<meta name=\"robots\" content=\"index, follow, max-snippet:-1, max-image-preview:large, max-video-preview:-1\" \/>\n<link rel=\"canonical\" href=\"https:\/\/villabellaestanca.com\/ca\/our-services\/\" \/>\n<meta property=\"og:locale\" content=\"ca_ES\" \/>\n<meta property=\"og:type\" content=\"article\" \/>\n<meta property=\"og:title\" content=\"Els nostres serveis - Villa Bella Estan\u00e7a\" \/>\n<meta property=\"og:description\" content=\"Els nostres...\" \/>\n<meta property=\"og:url\" content=\"https:\/\/villabellaestanca.com\/ca\/our-services\/\" \/>\n<meta property=\"og:site_name\" content=\"Villa Bella Estan\u00e7a\" \/>\n<meta property=\"article:modified_time\" content=\"2024-09-02T11:25:53+00:00\" \/>\n<meta name=\"twitter:card\" content=\"summary_large_image\" \/>\n<meta name=\"twitter:label1\" content=\"Temps estimat de lectura\" \/>\n\t<meta name=\"twitter:data1\" content=\"3 minuts\" \/>\n<script type=\"application\/ld+json\" class=\"yoast-schema-graph\">{\"@context\":\"https:\\\/\\\/schema.org\",\"@graph\":[{\"@type\":\"WebPage\",\"@id\":\"https:\\\/\\\/villabellaestanca.com\\\/ca\\\/our-services\\\/\",\"url\":\"https:\\\/\\\/villabellaestanca.com\\\/ca\\\/our-services\\\/\",\"name\":\"Els nostres serveis - Villa Bella Estan\u00e7a\",\"isPartOf\":{\"@id\":\"https:\\\/\\\/villabellaestanca.com\\\/#website\"},\"datePublished\":\"2020-08-31T20:07:09+00:00\",\"dateModified\":\"2024-09-02T11:25:53+00:00\",\"breadcrumb\":{\"@id\":\"https:\\\/\\\/villabellaestanca.com\\\/ca\\\/our-services\\\/#breadcrumb\"},\"inLanguage\":\"ca\",\"potentialAction\":[{\"@type\":\"ReadAction\",\"target\":[\"https:\\\/\\\/villabellaestanca.com\\\/ca\\\/our-services\\\/\"]}]},{\"@type\":\"BreadcrumbList\",\"@id\":\"https:\\\/\\\/villabellaestanca.com\\\/ca\\\/our-services\\\/#breadcrumb\",\"itemListElement\":[{\"@type\":\"ListItem\",\"position\":1,\"name\":\"Inici\",\"item\":\"https:\\\/\\\/villabellaestanca.com\\\/ca\\\/\"},{\"@type\":\"ListItem\",\"position\":2,\"name\":\"Els nostres serveis\"}]},{\"@type\":\"WebSite\",\"@id\":\"https:\\\/\\\/villabellaestanca.com\\\/#website\",\"url\":\"https:\\\/\\\/villabellaestanca.com\\\/\",\"name\":\"Villa Bella Estan\u00e7a\",\"description\":\"All the comforts of a family home to enjoy your best vacations, in Castelldefels, Barcelona.\",\"publisher\":{\"@id\":\"https:\\\/\\\/villabellaestanca.com\\\/#organization\"},\"potentialAction\":[{\"@type\":\"SearchAction\",\"target\":{\"@type\":\"EntryPoint\",\"urlTemplate\":\"https:\\\/\\\/villabellaestanca.com\\\/?s={search_term_string}\"},\"query-input\":{\"@type\":\"PropertyValueSpecification\",\"valueRequired\":true,\"valueName\":\"search_term_string\"}}],\"inLanguage\":\"ca\"},{\"@type\":\"Organization\",\"@id\":\"https:\\\/\\\/villabellaestanca.com\\\/#organization\",\"name\":\"Villa Bella Estan\u00e7a\",\"url\":\"https:\\\/\\\/villabellaestanca.com\\\/\",\"logo\":{\"@type\":\"ImageObject\",\"inLanguage\":\"ca\",\"@id\":\"https:\\\/\\\/villabellaestanca.com\\\/#\\\/schema\\\/logo\\\/image\\\/\",\"url\":\"https:\\\/\\\/villabellaestanca.com\\\/wp-content\\\/uploads\\\/2020\\\/08\\\/cropped-Three-Frame-Tea-Set-Photo-Facebook-Cover-1.png\",\"contentUrl\":\"https:\\\/\\\/villabellaestanca.com\\\/wp-content\\\/uploads\\\/2020\\\/08\\\/cropped-Three-Frame-Tea-Set-Photo-Facebook-Cover-1.png\",\"width\":709,\"height\":130,\"caption\":\"Villa Bella Estan\u00e7a\"},\"image\":{\"@id\":\"https:\\\/\\\/villabellaestanca.com\\\/#\\\/schema\\\/logo\\\/image\\\/\"}}]}<\/script>\n<!-- \/ Yoast SEO plugin. -->","yoast_head_json":{"title":"Els nostres serveis - Villa Bella Estan\u00e7a","robots":{"index":"index","follow":"follow","max-snippet":"max-snippet:-1","max-image-preview":"max-image-preview:large","max-video-preview":"max-video-preview:-1"},"canonical":"https:\/\/villabellaestanca.com\/ca\/our-services\/","og_locale":"ca_ES","og_type":"article","og_title":"Els nostres serveis - Villa Bella Estan\u00e7a","og_description":"Els nostres...","og_url":"https:\/\/villabellaestanca.com\/ca\/our-services\/","og_site_name":"Villa Bella Estan\u00e7a","article_modified_time":"2024-09-02T11:25:53+00:00","twitter_card":"summary_large_image","twitter_misc":{"Temps estimat de lectura":"3 minuts"},"schema":{"@context":"https:\/\/schema.org","@graph":[{"@type":"WebPage","@id":"https:\/\/villabellaestanca.com\/ca\/our-services\/","url":"https:\/\/villabellaestanca.com\/ca\/our-services\/","name":"Els nostres serveis - Villa Bella Estan\u00e7a","isPartOf":{"@id":"https:\/\/villabellaestanca.com\/#website"},"datePublished":"2020-08-31T20:07:09+00:00","dateModified":"2024-09-02T11:25:53+00:00","breadcrumb":{"@id":"https:\/\/villabellaestanca.com\/ca\/our-services\/#breadcrumb"},"inLanguage":"ca","potentialAction":[{"@type":"ReadAction","target":["https:\/\/villabellaestanca.com\/ca\/our-services\/"]}]},{"@type":"BreadcrumbList","@id":"https:\/\/villabellaestanca.com\/ca\/our-services\/#breadcrumb","itemListElement":[{"@type":"ListItem","position":1,"name":"Inici","item":"https:\/\/villabellaestanca.com\/ca\/"},{"@type":"ListItem","position":2,"name":"Els nostres serveis"}]},{"@type":"WebSite","@id":"https:\/\/villabellaestanca.com\/#website","url":"https:\/\/villabellaestanca.com\/","name":"Villa Bella Estan\u00e7a","description":"All the comforts of a family home to enjoy your best vacations, in Castelldefels, Barcelona.","publisher":{"@id":"https:\/\/villabellaestanca.com\/#organization"},"potentialAction":[{"@type":"SearchAction","target":{"@type":"EntryPoint","urlTemplate":"https:\/\/villabellaestanca.com\/?s={search_term_string}"},"query-input":{"@type":"PropertyValueSpecification","valueRequired":true,"valueName":"search_term_string"}}],"inLanguage":"ca"},{"@type":"Organization","@id":"https:\/\/villabellaestanca.com\/#organization","name":"Villa Bella Estan\u00e7a","url":"https:\/\/villabellaestanca.com\/","logo":{"@type":"ImageObject","inLanguage":"ca","@id":"https:\/\/villabellaestanca.com\/#\/schema\/logo\/image\/","url":"https:\/\/villabellaestanca.com\/wp-content\/uploads\/2020\/08\/cropped-Three-Frame-Tea-Set-Photo-Facebook-Cover-1.png","contentUrl":"https:\/\/villabellaestanca.com\/wp-content\/uploads\/2020\/08\/cropped-Three-Frame-Tea-Set-Photo-Facebook-Cover-1.png","width":709,"height":130,"caption":"Villa Bella Estan\u00e7a"},"image":{"@id":"https:\/\/villabellaestanca.com\/#\/schema\/logo\/image\/"}}]}},"_links":{"self":[{"href":"https:\/\/villabellaestanca.com\/ca\/wp-json\/wp\/v2\/pages\/736","targetHints":{"allow":["GET"]}}],"collection":[{"href":"https:\/\/villabellaestanca.com\/ca\/wp-json\/wp\/v2\/pages"}],"about":[{"href":"https:\/\/villabellaestanca.com\/ca\/wp-json\/wp\/v2\/types\/page"}],"author":[{"embeddable":true,"href":"https:\/\/villabellaestanca.com\/ca\/wp-json\/wp\/v2\/users\/1"}],"replies":[{"embeddable":true,"href":"https:\/\/villabellaestanca.com\/ca\/wp-json\/wp\/v2\/comments?post=736"}],"version-history":[{"count":7,"href":"https:\/\/villabellaestanca.com\/ca\/wp-json\/wp\/v2\/pages\/736\/revisions"}],"predecessor-version":[{"id":884845,"href":"https:\/\/villabellaestanca.com\/ca\/wp-json\/wp\/v2\/pages\/736\/revisions\/884845"}],"wp:attachment":[{"href":"https:\/\/villabellaestanca.com\/ca\/wp-json\/wp\/v2\/media?parent=736"}],"curies":[{"name":"wp","href":"https:\/\/api.w.org\/{rel}","templated":true}]}}