{"id":755,"date":"2020-08-27T19:18:36","date_gmt":"2020-08-27T17:18:36","guid":{"rendered":"https:\/\/villabellaestanca.com\/pagina-exemple\/"},"modified":"2024-08-26T13:50:57","modified_gmt":"2024-08-26T11:50:57","slug":"pagina-exemple","status":"publish","type":"page","link":"https:\/\/villabellaestanca.com\/ca\/pagina-exemple\/","title":{"rendered":"Recomanacions"},"content":{"rendered":"<p>[et_pb_section fb_built=&#8221;1&#8243; admin_label=&#8221;Header&#8221; _builder_version=&#8221;4.27.0&#8243; _module_preset=&#8221;default&#8221; background_color=&#8221;gcid-5aa9ce6a-8a5e-4347-973a-c6b91f603234&#8243; use_background_color_gradient=&#8221;on&#8221; background_color_gradient_stops=&#8221;rgba(0,0,0,0.7) 0%|rgba(0,0,0,0.7) 100%&#8221; background_color_gradient_overlays_image=&#8221;on&#8221; background_image=&#8221;https:\/\/villabellaestanca.com\/wp-content\/uploads\/2024\/08\/PB121591-scaled.jpg&#8221; width=&#8221;94%&#8221; width_tablet=&#8221;80%&#8221; width_phone=&#8221;80%&#8221; width_last_edited=&#8221;on|desktop&#8221; max_width=&#8221;2000px&#8221; module_alignment=&#8221;center&#8221; custom_margin=&#8221;3vw||20px||false|false&#8221; custom_margin_tablet=&#8221;||0px||false|false&#8221; custom_margin_phone=&#8221;||0px||false|false&#8221; custom_margin_last_edited=&#8221;on|tablet&#8221; custom_padding=&#8221;6vw||6vw||true|false&#8221; border_radii=&#8221;on|10px|10px|10px|10px&#8221; locked=&#8221;off&#8221; collapsed=&#8221;on&#8221; global_colors_info=&#8221;{%22gcid-5aa9ce6a-8a5e-4347-973a-c6b91f603234%22:%91%22background_color%22,%22background_color%22%93}&#8221;][et_pb_row _builder_version=&#8221;4.21.0&#8243; _module_preset=&#8221;default&#8221; global_colors_info=&#8221;{}&#8221;][et_pb_column type=&#8221;4_4&#8243; _builder_version=&#8221;4.21.0&#8243; _module_preset=&#8221;default&#8221; global_colors_info=&#8221;{}&#8221;][et_pb_text _builder_version=&#8221;4.21.0&#8243; _module_preset=&#8221;a8e0718f-c968-43e5-82c5-c097bddde832&#8243; header_text_color=&#8221;#FFFFFF&#8221; text_orientation=&#8221;center&#8221; locked=&#8221;off&#8221; global_colors_info=&#8221;{}&#8221;]<\/p>\n<h1>Recomanacions<\/h1>\n<p>[\/et_pb_text][\/et_pb_column][\/et_pb_row][\/et_pb_section][et_pb_section fb_built=&#8221;1&#8243; _builder_version=&#8221;4.27.0&#8243; _module_preset=&#8221;default&#8221; width=&#8221;100%&#8221; max_width=&#8221;87%&#8221; module_alignment=&#8221;center&#8221; max_height=&#8221;218px&#8221; global_colors_info=&#8221;{}&#8221;][et_pb_row _builder_version=&#8221;4.27.0&#8243; _module_preset=&#8221;default&#8221; global_colors_info=&#8221;{}&#8221;][et_pb_column type=&#8221;4_4&#8243; _builder_version=&#8221;4.27.0&#8243; _module_preset=&#8221;default&#8221; hover_enabled=&#8221;0&#8243; global_colors_info=&#8221;{}&#8221; sticky_enabled=&#8221;0&#8243;][et_pb_text _builder_version=&#8221;4.27.0&#8243; _module_preset=&#8221;default&#8221; mix_blend_mode=&#8221;color-burn&#8221; hover_enabled=&#8221;0&#8243; border_radii=&#8221;on|10px|10px|10px|10px&#8221; border_width_all=&#8221;3px&#8221; border_color_all=&#8221;#00084C&#8221; box_shadow_style=&#8221;preset1&#8243; box_shadow_color=&#8221;#00084C&#8221; inline_fonts=&#8221;Anek Bangla,Big Shoulders Stencil Text&#8221; global_colors_info=&#8221;{}&#8221; sticky_enabled=&#8221;0&#8243;]<\/p>\n<h3 style=\"text-align: center;\">Casa nostra \u00e9s fant\u00e0stica, ho sabem, per\u00f2 volem recomanar-te algunes activitats i restaurants que poden fer que encara gaudiu m\u00e9s la vostra estada.\u00a0<\/h3>\n<p>[\/et_pb_text][\/et_pb_column][\/et_pb_row][\/et_pb_section][et_pb_section fb_built=&#8221;1&#8243; _builder_version=&#8221;4.27.0&#8243; _module_preset=&#8221;default&#8221; max_width=&#8221;93%&#8221; module_alignment=&#8221;center&#8221; global_colors_info=&#8221;{}&#8221;][et_pb_row column_structure=&#8221;1_2,1_2&#8243; _builder_version=&#8221;4.27.0&#8243; _module_preset=&#8221;default&#8221; width=&#8221;78%&#8221; max_width=&#8221;987px&#8221; module_alignment=&#8221;center&#8221; global_colors_info=&#8221;{}&#8221;][et_pb_column type=&#8221;1_2&#8243; _builder_version=&#8221;4.27.0&#8243; _module_preset=&#8221;default&#8221; global_colors_info=&#8221;{}&#8221;][et_pb_button button_url=&#8221;https:\/\/villabellaestanca.com\/ca\/activities\/&#8221; button_text=&#8221;Activitiats&#8221; _builder_version=&#8221;4.27.0&#8243; _module_preset=&#8221;default&#8221; custom_button=&#8221;on&#8221; button_text_size=&#8221;69px&#8221; button_text_color=&#8221;#00084C&#8221; button_border_width=&#8221;8px&#8221; button_border_radius=&#8221;10px&#8221; button_font=&#8221;|600|||||||&#8221; hover_enabled=&#8221;0&#8243; global_colors_info=&#8221;{}&#8221; sticky_enabled=&#8221;0&#8243;][\/et_pb_button][\/et_pb_column][et_pb_column type=&#8221;1_2&#8243; _builder_version=&#8221;4.27.0&#8243; _module_preset=&#8221;default&#8221; global_colors_info=&#8221;{}&#8221;][et_pb_button button_url=&#8221;https:\/\/villabellaestanca.com\/ca\/restaurants\/&#8221; button_text=&#8221;Restaurants&#8221; _builder_version=&#8221;4.27.0&#8243; _module_preset=&#8221;default&#8221; custom_button=&#8221;on&#8221; button_text_size=&#8221;69px&#8221; button_text_color=&#8221;#00084C&#8221; button_border_width=&#8221;8px&#8221; button_border_radius=&#8221;10px&#8221; button_font=&#8221;|600|||||||&#8221; hover_enabled=&#8221;0&#8243; global_colors_info=&#8221;{}&#8221; sticky_enabled=&#8221;0&#8243;][\/et_pb_button][\/et_pb_column][\/et_pb_row][et_pb_row column_structure=&#8221;1_2,1_2&#8243; _builder_version=&#8221;4.27.0&#8243; _module_preset=&#8221;default&#8221; width=&#8221;100%&#8221; max_width=&#8221;987px&#8221; module_alignment=&#8221;center&#8221; global_colors_info=&#8221;{}&#8221;][et_pb_column type=&#8221;1_2&#8243; _builder_version=&#8221;4.27.0&#8243; _module_preset=&#8221;default&#8221; global_colors_info=&#8221;{}&#8221;][et_pb_image src=&#8221;https:\/\/villabellaestanca.com\/wp-content\/uploads\/2024\/08\/OCP-2.jpg&#8221; title_text=&#8221;OCP 2&#8243; _builder_version=&#8221;4.27.0&#8243; _module_preset=&#8221;default&#8221; border_radii=&#8221;on|10px|10px|10px|10px&#8221; global_colors_info=&#8221;{}&#8221;][\/et_pb_image][\/et_pb_column][et_pb_column type=&#8221;1_2&#8243; _builder_version=&#8221;4.27.0&#8243; _module_preset=&#8221;default&#8221; global_colors_info=&#8221;{}&#8221;][et_pb_image src=&#8221;https:\/\/villabellaestanca.com\/wp-content\/uploads\/2024\/08\/69b5f85da08d181d48515c6d41e3e0a5_XL.jpg&#8221; title_text=&#8221;69b5f85da08d181d48515c6d41e3e0a5_XL&#8221; _builder_version=&#8221;4.27.0&#8243; _module_preset=&#8221;default&#8221; border_radii=&#8221;on|10px|10px|10px|10px&#8221; global_colors_info=&#8221;{}&#8221;][\/et_pb_image][\/et_pb_column][\/et_pb_row][\/et_pb_section][et_pb_section fb_built=&#8221;1&#8243; admin_label=&#8221;Footer&#8221; _builder_version=&#8221;4.27.0&#8243; _module_preset=&#8221;default&#8221; background_color=&#8221;#00084C&#8221; border_radii=&#8221;on|10px|10px|10px|10px&#8221; saved_tabs=&#8221;all&#8221; collapsed=&#8221;on&#8221; global_colors_info=&#8221;{}&#8221;][et_pb_row _builder_version=&#8221;4.21.0&#8243; _module_preset=&#8221;default&#8221; global_colors_info=&#8221;{}&#8221;][et_pb_column type=&#8221;4_4&#8243; _builder_version=&#8221;4.21.0&#8243; _module_preset=&#8221;default&#8221; global_colors_info=&#8221;{}&#8221;][et_pb_text _builder_version=&#8221;4.21.0&#8243; _module_preset=&#8221;5019d500-7664-4ca8-a8ee-22827a06e4ab&#8221; header_2_text_color=&#8221;#FFFFFF&#8221; text_orientation=&#8221;center&#8221; custom_margin=&#8221;||10px||false|false&#8221; global_colors_info=&#8221;{}&#8221;]<\/p>\n<h2>Villa Bella Estan\u00e7a<\/h2>\n<p>[\/et_pb_text][et_pb_text _builder_version=&#8221;4.27.0&#8243; _module_preset=&#8221;bbae2538-4c0d-4933-96d8-a1dd945b3966&#8243; text_text_color=&#8221;#FFFFFF&#8221; text_orientation=&#8221;center&#8221; custom_padding=&#8221;||0px|||&#8221; global_colors_info=&#8221;{}&#8221;]<\/p>\n<p>C\/14 Bis n\u00ba 4, 08860 Castelldefels, Barcelona, Catalunya, Spain.<\/p>\n<p>[\/et_pb_text][\/et_pb_column][\/et_pb_row][et_pb_row column_structure=&#8221;1_2,1_2&#8243; _builder_version=&#8221;4.21.0&#8243; _module_preset=&#8221;default&#8221; global_colors_info=&#8221;{}&#8221;][et_pb_column type=&#8221;1_2&#8243; _builder_version=&#8221;4.21.0&#8243; _module_preset=&#8221;default&#8221; global_colors_info=&#8221;{}&#8221;][et_pb_icon font_icon=&#8221;&#xe09a;||divi||400&#8243; icon_color=&#8221;#FFFFFF&#8221; icon_width=&#8221;16px&#8221; url=&#8221;https:\/\/www.instagram.com\/villabellaestanca\/&#8221; url_new_window=&#8221;on&#8221; _builder_version=&#8221;4.27.0&#8243; _module_preset=&#8221;default&#8221; custom_padding=&#8221;12px|12px|12px|12px|true|true&#8221; border_radii=&#8221;on|100px|100px|100px|100px&#8221; border_width_all=&#8221;1px&#8221; border_color_all=&#8221;#FFFFFF&#8221; locked=&#8221;off&#8221; global_colors_info=&#8221;{}&#8221;][\/et_pb_icon][et_pb_text _builder_version=&#8221;4.27.0&#8243; _module_preset=&#8221;6867e042-dd71-4d27-bf32-cffc3edd3f14&#8243; link_text_color=&#8221;#FFFFFF&#8221; header_5_text_color=&#8221;#FFFFFF&#8221; text_orientation=&#8221;center&#8221; global_colors_info=&#8221;{}&#8221;]<\/p>\n<h5>@villabellaestanca<\/h5>\n<p>[\/et_pb_text][\/et_pb_column][et_pb_column type=&#8221;1_2&#8243; _builder_version=&#8221;4.21.0&#8243; _module_preset=&#8221;default&#8221; global_colors_info=&#8221;{}&#8221;][et_pb_icon font_icon=&#8221;&#xe076;||divi||400&#8243; icon_color=&#8221;#FFFFFF&#8221; icon_width=&#8221;16px&#8221; _builder_version=&#8221;4.21.0&#8243; _module_preset=&#8221;default&#8221; custom_padding=&#8221;12px|12px|12px|12px|true|true&#8221; border_radii=&#8221;on|100px|100px|100px|100px&#8221; border_width_all=&#8221;1px&#8221; border_color_all=&#8221;#FFFFFF&#8221; locked=&#8221;off&#8221; global_colors_info=&#8221;{}&#8221;][\/et_pb_icon][et_pb_text _builder_version=&#8221;4.27.0&#8243; _module_preset=&#8221;6867e042-dd71-4d27-bf32-cffc3edd3f14&#8243; link_text_color=&#8221;#FFFFFF&#8221; header_5_text_color=&#8221;#FFFFFF&#8221; text_orientation=&#8221;center&#8221; global_colors_info=&#8221;{}&#8221;]<\/p>\n<h5><a href=\"mailto:#\">hello@villabellaestanca.com<\/a><\/h5>\n<p>[\/et_pb_text][\/et_pb_column][\/et_pb_row][\/et_pb_section]<\/p>\n","protected":false},"excerpt":{"rendered":"<p>Recomanacions Casa&#8230;<\/p>\n","protected":false},"author":1,"featured_media":0,"parent":0,"menu_order":0,"comment_status":"closed","ping_status":"closed","template":"","meta":{"_et_pb_use_builder":"on","_et_pb_old_content":"<strong><span style=\"color: rgb(76, 116, 243); font-size: 20px;\">Our house is amazing, we know it, but we want to recommend some activities and restaurants so that you can enjoy your stay even more<\/span>. <\/strong>","_et_gb_content_width":"","footnotes":""},"class_list":["post-755","page","type-page","status-publish","hentry"],"yoast_head":"<!-- This site is optimized with the Yoast SEO plugin v27.3 - https:\/\/yoast.com\/product\/yoast-seo-wordpress\/ -->\n<title>Recomanacions - Villa Bella Estan\u00e7a<\/title>\n<meta name=\"robots\" content=\"index, follow, max-snippet:-1, max-image-preview:large, max-video-preview:-1\" \/>\n<link rel=\"canonical\" href=\"https:\/\/villabellaestanca.com\/ca\/pagina-exemple\/\" \/>\n<meta property=\"og:locale\" content=\"ca_ES\" \/>\n<meta property=\"og:type\" content=\"article\" \/>\n<meta property=\"og:title\" content=\"Recomanacions - Villa Bella Estan\u00e7a\" \/>\n<meta property=\"og:description\" content=\"Recomanacions Casa...\" \/>\n<meta property=\"og:url\" content=\"https:\/\/villabellaestanca.com\/ca\/pagina-exemple\/\" \/>\n<meta property=\"og:site_name\" content=\"Villa Bella Estan\u00e7a\" \/>\n<meta property=\"article:modified_time\" content=\"2024-08-26T11:50:57+00:00\" \/>\n<meta name=\"twitter:card\" content=\"summary_large_image\" \/>\n<meta name=\"twitter:label1\" content=\"Temps estimat de lectura\" \/>\n\t<meta name=\"twitter:data1\" content=\"1 minut\" \/>\n<script type=\"application\/ld+json\" class=\"yoast-schema-graph\">{\"@context\":\"https:\\\/\\\/schema.org\",\"@graph\":[{\"@type\":\"WebPage\",\"@id\":\"https:\\\/\\\/villabellaestanca.com\\\/ca\\\/pagina-exemple\\\/\",\"url\":\"https:\\\/\\\/villabellaestanca.com\\\/ca\\\/pagina-exemple\\\/\",\"name\":\"Recomanacions - Villa Bella Estan\u00e7a\",\"isPartOf\":{\"@id\":\"https:\\\/\\\/villabellaestanca.com\\\/#website\"},\"datePublished\":\"2020-08-27T17:18:36+00:00\",\"dateModified\":\"2024-08-26T11:50:57+00:00\",\"breadcrumb\":{\"@id\":\"https:\\\/\\\/villabellaestanca.com\\\/ca\\\/pagina-exemple\\\/#breadcrumb\"},\"inLanguage\":\"ca\",\"potentialAction\":[{\"@type\":\"ReadAction\",\"target\":[\"https:\\\/\\\/villabellaestanca.com\\\/ca\\\/pagina-exemple\\\/\"]}]},{\"@type\":\"BreadcrumbList\",\"@id\":\"https:\\\/\\\/villabellaestanca.com\\\/ca\\\/pagina-exemple\\\/#breadcrumb\",\"itemListElement\":[{\"@type\":\"ListItem\",\"position\":1,\"name\":\"Inici\",\"item\":\"https:\\\/\\\/villabellaestanca.com\\\/ca\\\/\"},{\"@type\":\"ListItem\",\"position\":2,\"name\":\"Recomanacions\"}]},{\"@type\":\"WebSite\",\"@id\":\"https:\\\/\\\/villabellaestanca.com\\\/#website\",\"url\":\"https:\\\/\\\/villabellaestanca.com\\\/\",\"name\":\"Villa Bella Estan\u00e7a\",\"description\":\"All the comforts of a family home to enjoy your best vacations, in Castelldefels, Barcelona.\",\"publisher\":{\"@id\":\"https:\\\/\\\/villabellaestanca.com\\\/#organization\"},\"potentialAction\":[{\"@type\":\"SearchAction\",\"target\":{\"@type\":\"EntryPoint\",\"urlTemplate\":\"https:\\\/\\\/villabellaestanca.com\\\/?s={search_term_string}\"},\"query-input\":{\"@type\":\"PropertyValueSpecification\",\"valueRequired\":true,\"valueName\":\"search_term_string\"}}],\"inLanguage\":\"ca\"},{\"@type\":\"Organization\",\"@id\":\"https:\\\/\\\/villabellaestanca.com\\\/#organization\",\"name\":\"Villa Bella Estan\u00e7a\",\"url\":\"https:\\\/\\\/villabellaestanca.com\\\/\",\"logo\":{\"@type\":\"ImageObject\",\"inLanguage\":\"ca\",\"@id\":\"https:\\\/\\\/villabellaestanca.com\\\/#\\\/schema\\\/logo\\\/image\\\/\",\"url\":\"https:\\\/\\\/villabellaestanca.com\\\/wp-content\\\/uploads\\\/2020\\\/08\\\/cropped-Three-Frame-Tea-Set-Photo-Facebook-Cover-1.png\",\"contentUrl\":\"https:\\\/\\\/villabellaestanca.com\\\/wp-content\\\/uploads\\\/2020\\\/08\\\/cropped-Three-Frame-Tea-Set-Photo-Facebook-Cover-1.png\",\"width\":709,\"height\":130,\"caption\":\"Villa Bella Estan\u00e7a\"},\"image\":{\"@id\":\"https:\\\/\\\/villabellaestanca.com\\\/#\\\/schema\\\/logo\\\/image\\\/\"}}]}<\/script>\n<!-- \/ Yoast SEO plugin. -->","yoast_head_json":{"title":"Recomanacions - Villa Bella Estan\u00e7a","robots":{"index":"index","follow":"follow","max-snippet":"max-snippet:-1","max-image-preview":"max-image-preview:large","max-video-preview":"max-video-preview:-1"},"canonical":"https:\/\/villabellaestanca.com\/ca\/pagina-exemple\/","og_locale":"ca_ES","og_type":"article","og_title":"Recomanacions - Villa Bella Estan\u00e7a","og_description":"Recomanacions Casa...","og_url":"https:\/\/villabellaestanca.com\/ca\/pagina-exemple\/","og_site_name":"Villa Bella Estan\u00e7a","article_modified_time":"2024-08-26T11:50:57+00:00","twitter_card":"summary_large_image","twitter_misc":{"Temps estimat de lectura":"1 minut"},"schema":{"@context":"https:\/\/schema.org","@graph":[{"@type":"WebPage","@id":"https:\/\/villabellaestanca.com\/ca\/pagina-exemple\/","url":"https:\/\/villabellaestanca.com\/ca\/pagina-exemple\/","name":"Recomanacions - Villa Bella Estan\u00e7a","isPartOf":{"@id":"https:\/\/villabellaestanca.com\/#website"},"datePublished":"2020-08-27T17:18:36+00:00","dateModified":"2024-08-26T11:50:57+00:00","breadcrumb":{"@id":"https:\/\/villabellaestanca.com\/ca\/pagina-exemple\/#breadcrumb"},"inLanguage":"ca","potentialAction":[{"@type":"ReadAction","target":["https:\/\/villabellaestanca.com\/ca\/pagina-exemple\/"]}]},{"@type":"BreadcrumbList","@id":"https:\/\/villabellaestanca.com\/ca\/pagina-exemple\/#breadcrumb","itemListElement":[{"@type":"ListItem","position":1,"name":"Inici","item":"https:\/\/villabellaestanca.com\/ca\/"},{"@type":"ListItem","position":2,"name":"Recomanacions"}]},{"@type":"WebSite","@id":"https:\/\/villabellaestanca.com\/#website","url":"https:\/\/villabellaestanca.com\/","name":"Villa Bella Estan\u00e7a","description":"All the comforts of a family home to enjoy your best vacations, in Castelldefels, Barcelona.","publisher":{"@id":"https:\/\/villabellaestanca.com\/#organization"},"potentialAction":[{"@type":"SearchAction","target":{"@type":"EntryPoint","urlTemplate":"https:\/\/villabellaestanca.com\/?s={search_term_string}"},"query-input":{"@type":"PropertyValueSpecification","valueRequired":true,"valueName":"search_term_string"}}],"inLanguage":"ca"},{"@type":"Organization","@id":"https:\/\/villabellaestanca.com\/#organization","name":"Villa Bella Estan\u00e7a","url":"https:\/\/villabellaestanca.com\/","logo":{"@type":"ImageObject","inLanguage":"ca","@id":"https:\/\/villabellaestanca.com\/#\/schema\/logo\/image\/","url":"https:\/\/villabellaestanca.com\/wp-content\/uploads\/2020\/08\/cropped-Three-Frame-Tea-Set-Photo-Facebook-Cover-1.png","contentUrl":"https:\/\/villabellaestanca.com\/wp-content\/uploads\/2020\/08\/cropped-Three-Frame-Tea-Set-Photo-Facebook-Cover-1.png","width":709,"height":130,"caption":"Villa Bella Estan\u00e7a"},"image":{"@id":"https:\/\/villabellaestanca.com\/#\/schema\/logo\/image\/"}}]}},"_links":{"self":[{"href":"https:\/\/villabellaestanca.com\/ca\/wp-json\/wp\/v2\/pages\/755","targetHints":{"allow":["GET"]}}],"collection":[{"href":"https:\/\/villabellaestanca.com\/ca\/wp-json\/wp\/v2\/pages"}],"about":[{"href":"https:\/\/villabellaestanca.com\/ca\/wp-json\/wp\/v2\/types\/page"}],"author":[{"embeddable":true,"href":"https:\/\/villabellaestanca.com\/ca\/wp-json\/wp\/v2\/users\/1"}],"replies":[{"embeddable":true,"href":"https:\/\/villabellaestanca.com\/ca\/wp-json\/wp\/v2\/comments?post=755"}],"version-history":[{"count":7,"href":"https:\/\/villabellaestanca.com\/ca\/wp-json\/wp\/v2\/pages\/755\/revisions"}],"predecessor-version":[{"id":884765,"href":"https:\/\/villabellaestanca.com\/ca\/wp-json\/wp\/v2\/pages\/755\/revisions\/884765"}],"wp:attachment":[{"href":"https:\/\/villabellaestanca.com\/ca\/wp-json\/wp\/v2\/media?parent=755"}],"curies":[{"name":"wp","href":"https:\/\/api.w.org\/{rel}","templated":true}]}}