{"id":776,"date":"2020-08-31T22:07:09","date_gmt":"2020-08-31T20:07:09","guid":{"rendered":"https:\/\/villabellaestanca.com\/book-now\/"},"modified":"2024-08-27T19:24:06","modified_gmt":"2024-08-27T17:24:06","slug":"book-now","status":"publish","type":"page","link":"https:\/\/villabellaestanca.com\/ca\/book-now\/","title":{"rendered":"Reserva ara"},"content":{"rendered":"<p>[et_pb_section fb_built=&#8221;1&#8243; admin_label=&#8221;section&#8221; _builder_version=&#8221;4.16&#8243; global_colors_info=&#8221;{}&#8221;][et_pb_row column_structure=&#8221;1_2,1_2&#8243; _builder_version=&#8221;4.27.0&#8243; _module_preset=&#8221;default&#8221; background_color=&#8221;#00084C&#8221; transform_scale=&#8221;116%|116%&#8221; width=&#8221;64%&#8221; max_width=&#8221;1252px&#8221; module_alignment=&#8221;center&#8221; border_radii=&#8221;on|10px|10px|10px|10px&#8221; global_colors_info=&#8221;{}&#8221;][et_pb_column type=&#8221;1_2&#8243; _builder_version=&#8221;4.27.0&#8243; _module_preset=&#8221;default&#8221; global_colors_info=&#8221;{}&#8221;][et_pb_image src=&#8221;https:\/\/villabellaestanca.com\/wp-content\/uploads\/2024\/08\/20230318_125443-scaled.jpg&#8221; title_text=&#8221;20230318_125443&#8243; _builder_version=&#8221;4.27.0&#8243; _module_preset=&#8221;default&#8221; global_colors_info=&#8221;{}&#8221;][\/et_pb_image][\/et_pb_column][et_pb_column type=&#8221;1_2&#8243; _builder_version=&#8221;4.27.0&#8243; _module_preset=&#8221;default&#8221; background_color=&#8221;#00084C&#8221; global_colors_info=&#8221;{}&#8221;][et_pb_heading title=&#8221;Vols gaudir de totes les comoditats d&#8217;una casa familiar? Vols passar uns dies descansant, a tocar de la platja, sota l&#8217;ombra dels pins? Vols gaudir d&#8217;una piscina i d&#8217;un jardi preci\u00f3s sense horaris ni restriccions? Villa Bella Estan\u00e7a \u00e9s la millor opci\u00f3 per a que gaudeixis de les teves vacances. Reserva ara, casa nostra t&#8217;est\u00e0 esperant!&#8221; _builder_version=&#8221;4.27.0&#8243; _module_preset=&#8221;default&#8221; title_level=&#8221;h4&#8243; title_font=&#8221;Cambo||||||||&#8221; title_text_align=&#8221;center&#8221; title_text_color=&#8221;#FFFFFF&#8221; background_color=&#8221;#00084C&#8221; min_height=&#8221;287px&#8221; custom_margin=&#8221;|||-31px||&#8221; hover_enabled=&#8221;0&#8243; global_colors_info=&#8221;{}&#8221; sticky_enabled=&#8221;0&#8243;][\/et_pb_heading][\/et_pb_column][\/et_pb_row][et_pb_row admin_label=&#8221;row&#8221; _builder_version=&#8221;4.16&#8243; background_size=&#8221;initial&#8221; background_position=&#8221;top_left&#8221; background_repeat=&#8221;repeat&#8221; global_colors_info=&#8221;{}&#8221;][et_pb_column type=&#8221;4_4&#8243; _builder_version=&#8221;4.16&#8243; custom_padding=&#8221;|||&#8221; global_colors_info=&#8221;{}&#8221; custom_padding__hover=&#8221;|||&#8221;][et_pb_text admin_label=&#8221;Text&#8221; _builder_version=&#8221;4.27.0&#8243; background_size=&#8221;initial&#8221; background_position=&#8221;top_left&#8221; background_repeat=&#8221;repeat&#8221; global_colors_info=&#8221;{}&#8221;]<\/p>\n<h6 style=\"text-align: center;\"><\/h6>\n<div class=\"mphb_sc_room-wrapper \"><div class=\"mphb-room-type post-826 mphb_room_type type-mphb_room_type status-publish mphb_room_type_facility-3-full-bathrooms-ca mphb_room_type_facility-free-wifi-ca mphb_room_type_facility-full-kitchen-ca mphb_room_type_facility-parking-ca mphb_room_type_facility-private-garden-ca mphb_room_type_facility-private-pool-ca mphb_room_type_facility-six-bicycles-ca mphb-room-type-adults-6 mphb-room-type-children-0 has-taxes-and-fees\">\n\n\t\n\t\n\n<p>Our home is ready for you! \u00a0<\/p>\n\n\n<h3 class=\"mphb-room-type-details-title\">Detalls<\/h3><ul class=\"mphb-loop-room-type-attributes\">\n\n\n\t<li class=\"mphb-room-type-facilities\"><span class=\"mphb-attribute-title mphb-facilities-title\">Amenities:<\/span><span class=\"mphb-attribute-value\"> <span class=\"facility-3-full-bathrooms-ca\"><a href=\"https:\/\/villabellaestanca.com\/ca\/accommodation-facility\/3-full-bathrooms-ca\/\">3 full bathrooms<\/a><\/span>, <span class=\"facility-free-wifi-ca\"><a href=\"https:\/\/villabellaestanca.com\/ca\/accommodation-facility\/free-wifi-ca\/\">Free Wifi<\/a><\/span>, <span class=\"facility-full-kitchen-ca\"><a href=\"https:\/\/villabellaestanca.com\/ca\/accommodation-facility\/full-kitchen-ca\/\">Full kitchen<\/a><\/span>, <span class=\"facility-parking-ca\"><a href=\"https:\/\/villabellaestanca.com\/ca\/accommodation-facility\/parking-ca\/\">Parking<\/a><\/span>, <span class=\"facility-private-garden-ca\"><a href=\"https:\/\/villabellaestanca.com\/ca\/accommodation-facility\/private-garden-ca\/\">Private garden<\/a><\/span>, <span class=\"facility-private-pool-ca\"><a href=\"https:\/\/villabellaestanca.com\/ca\/accommodation-facility\/private-pool-ca\/\">Private Pool<\/a><\/span>, <span class=\"facility-six-bicycles-ca\"><a href=\"https:\/\/villabellaestanca.com\/ca\/accommodation-facility\/six-bicycles-ca\/\">Six bicycles<\/a><\/span><\/span><\/li>\n\n\n\n\n\n\n\n\n<\/ul>\n\n\t<p class=\"mphb-regular-price\"><strong>Prices start at:<\/strong>\n\t<span class=\"mphb-price\">1,140<span class=\"mphb-currency\">&euro;<\/span><\/span> <span class=\"mphb-price-period\" title=\"Trieu les dates per veure els preus rellevants\">for 3 nights<\/span><span class=\"mphb-tax-information taxes-included\"> (+taxes and fees)<\/span>\n\t<\/p>\n\n<div class=\"mphb-to-book-btn-wrapper\">\n<form action=\"https:\/\/villabellaestanca.com\/ca\/accommodation\/villa-bella-estanca\/#booking-form-826\" method=\"get\" ><button type=\"submit\" class=\"button mphb-book-button\" >Reservar<\/button><\/form>\n<br\/><\/div>\n\t\n<\/div><\/div>\n<p>[\/et_pb_text][\/et_pb_column][\/et_pb_row][\/et_pb_section]<\/p>\n","protected":false},"excerpt":{"rendered":"<p>[et_pb_section fb_built=&#8221;1&#8243; admin_label=&#8221;section&#8221; _builder_version=&#8221;4.16&#8243; global_colors_info=&#8221;{}&#8221;][et_pb_row column_structure=&#8221;1_2,1_2&#8243; _builder_version=&#8221;4.27.0&#8243; _module_preset=&#8221;default&#8221; background_color=&#8221;#00084C&#8221; transform_scale=&#8221;116%|116%&#8221; width=&#8221;64%&#8221; max_width=&#8221;1252px&#8221; module_alignment=&#8221;center&#8221; border_radii=&#8221;on|10px|10px|10px|10px&#8221; global_colors_info=&#8221;{}&#8221;][et_pb_column type=&#8221;1_2&#8243; _builder_version=&#8221;4.27.0&#8243; _module_preset=&#8221;default&#8221; global_colors_info=&#8221;{}&#8221;][et_pb_image src=&#8221;https:\/\/villabellaestanca.com\/wp-content\/uploads\/2024\/08\/20230318_125443-scaled.jpg&#8221;<\/p>\n","protected":false},"author":1,"featured_media":0,"parent":0,"menu_order":0,"comment_status":"closed","ping_status":"closed","template":"","meta":{"_et_pb_use_builder":"on","_et_pb_old_content":"<h6 style=\"text-align: center;\"><span>Do you want to enjoy all the comforts of a family home?Do you want to spend a few days of rest, near the beach, under the shade of the pines?Would you like to enjoy the pool and garden without opening <span style=\"font-family: inherit; font-weight: 400;\">hours?<\/span><\/span><span style=\"font-weight: 400;\"><span style=\"font-family: Courgette;\"><span><span><\/span><\/span><\/span><\/span><\/h6><h6 style=\"text-align: center;\"><span style=\"font-family: Courgette; font-weight: 400;\">Villa Bella Estan\u00e7a<\/span> is the best option for enjoy your vacation<\/h6><h6 style=\"text-align: center;\"><span>Book now here<\/span><strong><span>, we are waiting for you!<\/span><\/strong><\/h6>[mphb_room id=\"476\" title=\"false\" featured_image=\"false\"]","_et_gb_content_width":"","footnotes":""},"class_list":["post-776","page","type-page","status-publish","hentry"],"yoast_head":"<!-- This site is optimized with the Yoast SEO plugin v27.3 - https:\/\/yoast.com\/product\/yoast-seo-wordpress\/ -->\n<title>Reserva ara - Villa Bella Estan\u00e7a<\/title>\n<meta name=\"robots\" content=\"index, follow, max-snippet:-1, max-image-preview:large, max-video-preview:-1\" \/>\n<link rel=\"canonical\" href=\"https:\/\/villabellaestanca.com\/book-now\/\" \/>\n<meta property=\"og:locale\" content=\"ca_ES\" \/>\n<meta property=\"og:type\" content=\"article\" \/>\n<meta property=\"og:title\" content=\"Reserva ara - Villa Bella Estan\u00e7a\" \/>\n<meta property=\"og:description\" content=\"[et_pb_section fb_built=&#8221;1&#8243; admin_label=&#8221;section&#8221; _builder_version=&#8221;4.16&#8243; global_colors_info=&#8221;{}&#8221;][et_pb_row column_structure=&#8221;1_2,1_2&#8243; _builder_version=&#8221;4.27.0&#8243; _module_preset=&#8221;default&#8221; background_color=&#8221;#00084C&#8221; transform_scale=&#8221;116%|116%&#8221; width=&#8221;64%&#8221; max_width=&#8221;1252px&#8221; module_alignment=&#8221;center&#8221; border_radii=&#8221;on|10px|10px|10px|10px&#8221; global_colors_info=&#8221;{}&#8221;][et_pb_column type=&#8221;1_2&#8243; _builder_version=&#8221;4.27.0&#8243; _module_preset=&#8221;default&#8221; global_colors_info=&#8221;{}&#8221;][et_pb_image src=&#8221;https:\/\/villabellaestanca.com\/wp-content\/uploads\/2024\/08\/20230318_125443-scaled.jpg&#8221;\" \/>\n<meta property=\"og:url\" content=\"https:\/\/villabellaestanca.com\/book-now\/\" \/>\n<meta property=\"og:site_name\" content=\"Villa Bella Estan\u00e7a\" \/>\n<meta property=\"article:modified_time\" content=\"2024-08-27T17:24:06+00:00\" \/>\n<meta name=\"twitter:card\" content=\"summary_large_image\" \/>\n<meta name=\"twitter:label1\" content=\"Temps estimat de lectura\" \/>\n\t<meta name=\"twitter:data1\" content=\"1 minut\" \/>\n<script type=\"application\/ld+json\" class=\"yoast-schema-graph\">{\"@context\":\"https:\\\/\\\/schema.org\",\"@graph\":[{\"@type\":\"WebPage\",\"@id\":\"https:\\\/\\\/villabellaestanca.com\\\/book-now\\\/\",\"url\":\"https:\\\/\\\/villabellaestanca.com\\\/book-now\\\/\",\"name\":\"Reserva ara - Villa Bella Estan\u00e7a\",\"isPartOf\":{\"@id\":\"https:\\\/\\\/villabellaestanca.com\\\/#website\"},\"datePublished\":\"2020-08-31T20:07:09+00:00\",\"dateModified\":\"2024-08-27T17:24:06+00:00\",\"breadcrumb\":{\"@id\":\"https:\\\/\\\/villabellaestanca.com\\\/book-now\\\/#breadcrumb\"},\"inLanguage\":\"ca\",\"potentialAction\":[{\"@type\":\"ReadAction\",\"target\":[\"https:\\\/\\\/villabellaestanca.com\\\/book-now\\\/\"]}]},{\"@type\":\"BreadcrumbList\",\"@id\":\"https:\\\/\\\/villabellaestanca.com\\\/book-now\\\/#breadcrumb\",\"itemListElement\":[{\"@type\":\"ListItem\",\"position\":1,\"name\":\"Inici\",\"item\":\"https:\\\/\\\/villabellaestanca.com\\\/ca\\\/\"},{\"@type\":\"ListItem\",\"position\":2,\"name\":\"Reserva ara\"}]},{\"@type\":\"WebSite\",\"@id\":\"https:\\\/\\\/villabellaestanca.com\\\/#website\",\"url\":\"https:\\\/\\\/villabellaestanca.com\\\/\",\"name\":\"Villa Bella Estan\u00e7a\",\"description\":\"All the comforts of a family home to enjoy your best vacations, in Castelldefels, Barcelona.\",\"publisher\":{\"@id\":\"https:\\\/\\\/villabellaestanca.com\\\/#organization\"},\"potentialAction\":[{\"@type\":\"SearchAction\",\"target\":{\"@type\":\"EntryPoint\",\"urlTemplate\":\"https:\\\/\\\/villabellaestanca.com\\\/?s={search_term_string}\"},\"query-input\":{\"@type\":\"PropertyValueSpecification\",\"valueRequired\":true,\"valueName\":\"search_term_string\"}}],\"inLanguage\":\"ca\"},{\"@type\":\"Organization\",\"@id\":\"https:\\\/\\\/villabellaestanca.com\\\/#organization\",\"name\":\"Villa Bella Estan\u00e7a\",\"url\":\"https:\\\/\\\/villabellaestanca.com\\\/\",\"logo\":{\"@type\":\"ImageObject\",\"inLanguage\":\"ca\",\"@id\":\"https:\\\/\\\/villabellaestanca.com\\\/#\\\/schema\\\/logo\\\/image\\\/\",\"url\":\"https:\\\/\\\/villabellaestanca.com\\\/wp-content\\\/uploads\\\/2020\\\/08\\\/cropped-Three-Frame-Tea-Set-Photo-Facebook-Cover-1.png\",\"contentUrl\":\"https:\\\/\\\/villabellaestanca.com\\\/wp-content\\\/uploads\\\/2020\\\/08\\\/cropped-Three-Frame-Tea-Set-Photo-Facebook-Cover-1.png\",\"width\":709,\"height\":130,\"caption\":\"Villa Bella Estan\u00e7a\"},\"image\":{\"@id\":\"https:\\\/\\\/villabellaestanca.com\\\/#\\\/schema\\\/logo\\\/image\\\/\"}}]}<\/script>\n<!-- \/ Yoast SEO plugin. -->","yoast_head_json":{"title":"Reserva ara - Villa Bella Estan\u00e7a","robots":{"index":"index","follow":"follow","max-snippet":"max-snippet:-1","max-image-preview":"max-image-preview:large","max-video-preview":"max-video-preview:-1"},"canonical":"https:\/\/villabellaestanca.com\/book-now\/","og_locale":"ca_ES","og_type":"article","og_title":"Reserva ara - Villa Bella Estan\u00e7a","og_description":"[et_pb_section fb_built=&#8221;1&#8243; admin_label=&#8221;section&#8221; _builder_version=&#8221;4.16&#8243; global_colors_info=&#8221;{}&#8221;][et_pb_row column_structure=&#8221;1_2,1_2&#8243; _builder_version=&#8221;4.27.0&#8243; _module_preset=&#8221;default&#8221; background_color=&#8221;#00084C&#8221; transform_scale=&#8221;116%|116%&#8221; width=&#8221;64%&#8221; max_width=&#8221;1252px&#8221; module_alignment=&#8221;center&#8221; border_radii=&#8221;on|10px|10px|10px|10px&#8221; global_colors_info=&#8221;{}&#8221;][et_pb_column type=&#8221;1_2&#8243; _builder_version=&#8221;4.27.0&#8243; _module_preset=&#8221;default&#8221; global_colors_info=&#8221;{}&#8221;][et_pb_image src=&#8221;https:\/\/villabellaestanca.com\/wp-content\/uploads\/2024\/08\/20230318_125443-scaled.jpg&#8221;","og_url":"https:\/\/villabellaestanca.com\/book-now\/","og_site_name":"Villa Bella Estan\u00e7a","article_modified_time":"2024-08-27T17:24:06+00:00","twitter_card":"summary_large_image","twitter_misc":{"Temps estimat de lectura":"1 minut"},"schema":{"@context":"https:\/\/schema.org","@graph":[{"@type":"WebPage","@id":"https:\/\/villabellaestanca.com\/book-now\/","url":"https:\/\/villabellaestanca.com\/book-now\/","name":"Reserva ara - Villa Bella Estan\u00e7a","isPartOf":{"@id":"https:\/\/villabellaestanca.com\/#website"},"datePublished":"2020-08-31T20:07:09+00:00","dateModified":"2024-08-27T17:24:06+00:00","breadcrumb":{"@id":"https:\/\/villabellaestanca.com\/book-now\/#breadcrumb"},"inLanguage":"ca","potentialAction":[{"@type":"ReadAction","target":["https:\/\/villabellaestanca.com\/book-now\/"]}]},{"@type":"BreadcrumbList","@id":"https:\/\/villabellaestanca.com\/book-now\/#breadcrumb","itemListElement":[{"@type":"ListItem","position":1,"name":"Inici","item":"https:\/\/villabellaestanca.com\/ca\/"},{"@type":"ListItem","position":2,"name":"Reserva ara"}]},{"@type":"WebSite","@id":"https:\/\/villabellaestanca.com\/#website","url":"https:\/\/villabellaestanca.com\/","name":"Villa Bella Estan\u00e7a","description":"All the comforts of a family home to enjoy your best vacations, in Castelldefels, Barcelona.","publisher":{"@id":"https:\/\/villabellaestanca.com\/#organization"},"potentialAction":[{"@type":"SearchAction","target":{"@type":"EntryPoint","urlTemplate":"https:\/\/villabellaestanca.com\/?s={search_term_string}"},"query-input":{"@type":"PropertyValueSpecification","valueRequired":true,"valueName":"search_term_string"}}],"inLanguage":"ca"},{"@type":"Organization","@id":"https:\/\/villabellaestanca.com\/#organization","name":"Villa Bella Estan\u00e7a","url":"https:\/\/villabellaestanca.com\/","logo":{"@type":"ImageObject","inLanguage":"ca","@id":"https:\/\/villabellaestanca.com\/#\/schema\/logo\/image\/","url":"https:\/\/villabellaestanca.com\/wp-content\/uploads\/2020\/08\/cropped-Three-Frame-Tea-Set-Photo-Facebook-Cover-1.png","contentUrl":"https:\/\/villabellaestanca.com\/wp-content\/uploads\/2020\/08\/cropped-Three-Frame-Tea-Set-Photo-Facebook-Cover-1.png","width":709,"height":130,"caption":"Villa Bella Estan\u00e7a"},"image":{"@id":"https:\/\/villabellaestanca.com\/#\/schema\/logo\/image\/"}}]}},"_links":{"self":[{"href":"https:\/\/villabellaestanca.com\/ca\/wp-json\/wp\/v2\/pages\/776","targetHints":{"allow":["GET"]}}],"collection":[{"href":"https:\/\/villabellaestanca.com\/ca\/wp-json\/wp\/v2\/pages"}],"about":[{"href":"https:\/\/villabellaestanca.com\/ca\/wp-json\/wp\/v2\/types\/page"}],"author":[{"embeddable":true,"href":"https:\/\/villabellaestanca.com\/ca\/wp-json\/wp\/v2\/users\/1"}],"replies":[{"embeddable":true,"href":"https:\/\/villabellaestanca.com\/ca\/wp-json\/wp\/v2\/comments?post=776"}],"version-history":[{"count":8,"href":"https:\/\/villabellaestanca.com\/ca\/wp-json\/wp\/v2\/pages\/776\/revisions"}],"predecessor-version":[{"id":884785,"href":"https:\/\/villabellaestanca.com\/ca\/wp-json\/wp\/v2\/pages\/776\/revisions\/884785"}],"wp:attachment":[{"href":"https:\/\/villabellaestanca.com\/ca\/wp-json\/wp\/v2\/media?parent=776"}],"curies":[{"name":"wp","href":"https:\/\/api.w.org\/{rel}","templated":true}]}}