{"id":756,"date":"2020-08-27T19:18:36","date_gmt":"2020-08-27T17:18:36","guid":{"rendered":"https:\/\/villabellaestanca.com\/pagina-exemple\/"},"modified":"2024-08-26T13:54:32","modified_gmt":"2024-08-26T11:54:32","slug":"pagina-exemple","status":"publish","type":"page","link":"https:\/\/villabellaestanca.com\/es\/pagina-exemple\/","title":{"rendered":"Recomendaciones"},"content":{"rendered":"<p>[et_pb_section fb_built=\u00bb1&#8243; admin_label=\u00bbHeader\u00bb _builder_version=\u00bb4.27.0&#8243; _module_preset=\u00bbdefault\u00bb background_color=\u00bbgcid-5aa9ce6a-8a5e-4347-973a-c6b91f603234&#8243; use_background_color_gradient=\u00bbon\u00bb background_color_gradient_stops=\u00bbrgba(0,0,0,0.7) 0%|rgba(0,0,0,0.7) 100%\u00bb background_color_gradient_overlays_image=\u00bbon\u00bb background_image=\u00bbhttps:\/\/villabellaestanca.com\/wp-content\/uploads\/2024\/08\/PB121591-scaled.jpg\u00bb width=\u00bb94%\u00bb width_tablet=\u00bb80%\u00bb width_phone=\u00bb80%\u00bb width_last_edited=\u00bbon|desktop\u00bb max_width=\u00bb2000px\u00bb module_alignment=\u00bbcenter\u00bb custom_margin=\u00bb3vw||20px||false|false\u00bb custom_margin_tablet=\u00bb||0px||false|false\u00bb custom_margin_phone=\u00bb||0px||false|false\u00bb custom_margin_last_edited=\u00bbon|tablet\u00bb custom_padding=\u00bb6vw||6vw||true|false\u00bb border_radii=\u00bbon|10px|10px|10px|10px\u00bb locked=\u00bboff\u00bb collapsed=\u00bbon\u00bb global_colors_info=\u00bb{%22gcid-5aa9ce6a-8a5e-4347-973a-c6b91f603234%22:%91%22background_color%22,%22background_color%22%93}\u00bb][et_pb_row _builder_version=\u00bb4.21.0&#8243; _module_preset=\u00bbdefault\u00bb global_colors_info=\u00bb{}\u00bb][et_pb_column type=\u00bb4_4&#8243; _builder_version=\u00bb4.21.0&#8243; _module_preset=\u00bbdefault\u00bb global_colors_info=\u00bb{}\u00bb][et_pb_text _builder_version=\u00bb4.21.0&#8243; _module_preset=\u00bba8e0718f-c968-43e5-82c5-c097bddde832&#8243; header_text_color=\u00bb#FFFFFF\u00bb text_orientation=\u00bbcenter\u00bb locked=\u00bboff\u00bb global_colors_info=\u00bb{}\u00bb]<\/p>\n<h1>Recomendaciones<\/h1>\n<p>[\/et_pb_text][\/et_pb_column][\/et_pb_row][\/et_pb_section][et_pb_section fb_built=\u00bb1&#8243; _builder_version=\u00bb4.27.0&#8243; _module_preset=\u00bbdefault\u00bb width=\u00bb100%\u00bb max_width=\u00bb87%\u00bb module_alignment=\u00bbcenter\u00bb max_height=\u00bb218px\u00bb global_colors_info=\u00bb{}\u00bb][et_pb_row _builder_version=\u00bb4.27.0&#8243; _module_preset=\u00bbdefault\u00bb global_colors_info=\u00bb{}\u00bb][et_pb_column type=\u00bb4_4&#8243; _builder_version=\u00bb4.27.0&#8243; _module_preset=\u00bbdefault\u00bb global_colors_info=\u00bb{}\u00bb][et_pb_text _builder_version=\u00bb4.27.0&#8243; _module_preset=\u00bbdefault\u00bb mix_blend_mode=\u00bbcolor-burn\u00bb hover_enabled=\u00bb0&#8243; border_radii=\u00bbon|10px|10px|10px|10px\u00bb border_width_all=\u00bb3px\u00bb border_color_all=\u00bb#00084C\u00bb box_shadow_style=\u00bbpreset1&#8243; box_shadow_color=\u00bb#00084C\u00bb inline_fonts=\u00bbAnek Bangla,Big Shoulders Stencil Text\u00bb global_colors_info=\u00bb{}\u00bb sticky_enabled=\u00bb0&#8243;]<\/p>\n<h3 style=\"text-align: center;\">Nuestra casa es fant\u00e1stica, lo sabemos, pero queremos recomendarte algunas actividades y restaurantes que pueden hacer que aun disfrut\u00e9is m\u00e1s vuestros d\u00edas aqu\u00ed.<\/h3>\n<p>[\/et_pb_text][\/et_pb_column][\/et_pb_row][\/et_pb_section][et_pb_section fb_built=\u00bb1&#8243; _builder_version=\u00bb4.27.0&#8243; _module_preset=\u00bbdefault\u00bb max_width=\u00bb93%\u00bb module_alignment=\u00bbcenter\u00bb global_colors_info=\u00bb{}\u00bb][et_pb_row column_structure=\u00bb1_2,1_2&#8243; _builder_version=\u00bb4.27.0&#8243; _module_preset=\u00bbdefault\u00bb width=\u00bb78%\u00bb max_width=\u00bb987px\u00bb module_alignment=\u00bbcenter\u00bb global_colors_info=\u00bb{}\u00bb][et_pb_column type=\u00bb1_2&#8243; _builder_version=\u00bb4.27.0&#8243; _module_preset=\u00bbdefault\u00bb global_colors_info=\u00bb{}\u00bb][et_pb_button button_url=\u00bbhttps:\/\/villabellaestanca.com\/es\/activities\/\u00bb button_text=\u00bbActividades\u00bb _builder_version=\u00bb4.27.0&#8243; _module_preset=\u00bbdefault\u00bb custom_button=\u00bbon\u00bb button_text_size=\u00bb69px\u00bb button_text_color=\u00bb#00084C\u00bb button_border_width=\u00bb8px\u00bb button_border_radius=\u00bb10px\u00bb button_font=\u00bb|600|||||||\u00bb hover_enabled=\u00bb0&#8243; global_colors_info=\u00bb{}\u00bb sticky_enabled=\u00bb0&#8243;][\/et_pb_button][\/et_pb_column][et_pb_column type=\u00bb1_2&#8243; _builder_version=\u00bb4.27.0&#8243; _module_preset=\u00bbdefault\u00bb global_colors_info=\u00bb{}\u00bb][et_pb_button button_url=\u00bbhttps:\/\/villabellaestanca.com\/es\/restaurants\/\u00bb button_text=\u00bbRestaurantes\u00bb _builder_version=\u00bb4.27.0&#8243; _module_preset=\u00bbdefault\u00bb custom_button=\u00bbon\u00bb button_text_size=\u00bb69px\u00bb button_text_color=\u00bb#00084C\u00bb button_border_width=\u00bb8px\u00bb button_border_radius=\u00bb10px\u00bb button_font=\u00bb|600|||||||\u00bb hover_enabled=\u00bb0&#8243; global_colors_info=\u00bb{}\u00bb sticky_enabled=\u00bb0&#8243;][\/et_pb_button][\/et_pb_column][\/et_pb_row][et_pb_row column_structure=\u00bb1_2,1_2&#8243; _builder_version=\u00bb4.27.0&#8243; _module_preset=\u00bbdefault\u00bb width=\u00bb100%\u00bb max_width=\u00bb987px\u00bb module_alignment=\u00bbcenter\u00bb global_colors_info=\u00bb{}\u00bb][et_pb_column type=\u00bb1_2&#8243; _builder_version=\u00bb4.27.0&#8243; _module_preset=\u00bbdefault\u00bb global_colors_info=\u00bb{}\u00bb][et_pb_image src=\u00bbhttps:\/\/villabellaestanca.com\/wp-content\/uploads\/2024\/08\/OCP-2.jpg\u00bb title_text=\u00bbOCP 2&#8243; _builder_version=\u00bb4.27.0&#8243; _module_preset=\u00bbdefault\u00bb border_radii=\u00bbon|10px|10px|10px|10px\u00bb global_colors_info=\u00bb{}\u00bb][\/et_pb_image][\/et_pb_column][et_pb_column type=\u00bb1_2&#8243; _builder_version=\u00bb4.27.0&#8243; _module_preset=\u00bbdefault\u00bb global_colors_info=\u00bb{}\u00bb][et_pb_image src=\u00bbhttps:\/\/villabellaestanca.com\/wp-content\/uploads\/2024\/08\/69b5f85da08d181d48515c6d41e3e0a5_XL.jpg\u00bb title_text=\u00bb69b5f85da08d181d48515c6d41e3e0a5_XL\u00bb _builder_version=\u00bb4.27.0&#8243; _module_preset=\u00bbdefault\u00bb border_radii=\u00bbon|10px|10px|10px|10px\u00bb global_colors_info=\u00bb{}\u00bb][\/et_pb_image][\/et_pb_column][\/et_pb_row][\/et_pb_section][et_pb_section fb_built=\u00bb1&#8243; admin_label=\u00bbFooter\u00bb _builder_version=\u00bb4.27.0&#8243; _module_preset=\u00bbdefault\u00bb background_color=\u00bb#00084C\u00bb border_radii=\u00bbon|10px|10px|10px|10px\u00bb saved_tabs=\u00bball\u00bb collapsed=\u00bbon\u00bb global_colors_info=\u00bb{}\u00bb][et_pb_row _builder_version=\u00bb4.21.0&#8243; _module_preset=\u00bbdefault\u00bb global_colors_info=\u00bb{}\u00bb][et_pb_column type=\u00bb4_4&#8243; _builder_version=\u00bb4.21.0&#8243; _module_preset=\u00bbdefault\u00bb global_colors_info=\u00bb{}\u00bb][et_pb_text _builder_version=\u00bb4.21.0&#8243; _module_preset=\u00bb5019d500-7664-4ca8-a8ee-22827a06e4ab\u00bb header_2_text_color=\u00bb#FFFFFF\u00bb text_orientation=\u00bbcenter\u00bb custom_margin=\u00bb||10px||false|false\u00bb global_colors_info=\u00bb{}\u00bb]<\/p>\n<h2>Villa Bella Estan\u00e7a<\/h2>\n<p>[\/et_pb_text][et_pb_text _builder_version=\u00bb4.27.0&#8243; _module_preset=\u00bbbbae2538-4c0d-4933-96d8-a1dd945b3966&#8243; text_text_color=\u00bb#FFFFFF\u00bb text_orientation=\u00bbcenter\u00bb custom_padding=\u00bb||0px|||\u00bb global_colors_info=\u00bb{}\u00bb]<\/p>\n<p>C\/14 Bis n\u00ba 4, 08860 Castelldefels, Barcelona, Catalunya, Spain.<\/p>\n<p>[\/et_pb_text][\/et_pb_column][\/et_pb_row][et_pb_row column_structure=\u00bb1_2,1_2&#8243; _builder_version=\u00bb4.21.0&#8243; _module_preset=\u00bbdefault\u00bb global_colors_info=\u00bb{}\u00bb][et_pb_column type=\u00bb1_2&#8243; _builder_version=\u00bb4.21.0&#8243; _module_preset=\u00bbdefault\u00bb global_colors_info=\u00bb{}\u00bb][et_pb_icon font_icon=\u00bb&#xe09a;||divi||400&#8243; icon_color=\u00bb#FFFFFF\u00bb icon_width=\u00bb16px\u00bb url=\u00bbhttps:\/\/www.instagram.com\/villabellaestanca\/\u00bb url_new_window=\u00bbon\u00bb _builder_version=\u00bb4.27.0&#8243; _module_preset=\u00bbdefault\u00bb custom_padding=\u00bb12px|12px|12px|12px|true|true\u00bb border_radii=\u00bbon|100px|100px|100px|100px\u00bb border_width_all=\u00bb1px\u00bb border_color_all=\u00bb#FFFFFF\u00bb locked=\u00bboff\u00bb global_colors_info=\u00bb{}\u00bb][\/et_pb_icon][et_pb_text _builder_version=\u00bb4.27.0&#8243; _module_preset=\u00bb6867e042-dd71-4d27-bf32-cffc3edd3f14&#8243; link_text_color=\u00bb#FFFFFF\u00bb header_5_text_color=\u00bb#FFFFFF\u00bb text_orientation=\u00bbcenter\u00bb global_colors_info=\u00bb{}\u00bb]<\/p>\n<h5>@villabellaestanca<\/h5>\n<p>[\/et_pb_text][\/et_pb_column][et_pb_column type=\u00bb1_2&#8243; _builder_version=\u00bb4.21.0&#8243; _module_preset=\u00bbdefault\u00bb global_colors_info=\u00bb{}\u00bb][et_pb_icon font_icon=\u00bb&#xe076;||divi||400&#8243; icon_color=\u00bb#FFFFFF\u00bb icon_width=\u00bb16px\u00bb _builder_version=\u00bb4.21.0&#8243; _module_preset=\u00bbdefault\u00bb custom_padding=\u00bb12px|12px|12px|12px|true|true\u00bb border_radii=\u00bbon|100px|100px|100px|100px\u00bb border_width_all=\u00bb1px\u00bb border_color_all=\u00bb#FFFFFF\u00bb locked=\u00bboff\u00bb global_colors_info=\u00bb{}\u00bb][\/et_pb_icon][et_pb_text _builder_version=\u00bb4.27.0&#8243; _module_preset=\u00bb6867e042-dd71-4d27-bf32-cffc3edd3f14&#8243; link_text_color=\u00bb#FFFFFF\u00bb header_5_text_color=\u00bb#FFFFFF\u00bb text_orientation=\u00bbcenter\u00bb global_colors_info=\u00bb{}\u00bb]<\/p>\n<h5><a href=\"mailto:#\">hello@villabellaestanca.com<\/a><\/h5>\n<p>[\/et_pb_text][\/et_pb_column][\/et_pb_row][\/et_pb_section]<\/p>\n","protected":false},"excerpt":{"rendered":"<p>Recomendaciones&#8230;<\/p>\n","protected":false},"author":1,"featured_media":0,"parent":0,"menu_order":0,"comment_status":"closed","ping_status":"closed","template":"","meta":{"_et_pb_use_builder":"on","_et_pb_old_content":"<strong><span style=\"color: rgb(76, 116, 243); font-size: 20px;\">Our house is amazing, we know it, but we want to recommend some activities and restaurants so that you can enjoy your stay even more<\/span>. <\/strong>","_et_gb_content_width":"","footnotes":""},"class_list":["post-756","page","type-page","status-publish","hentry"],"yoast_head":"<!-- This site is optimized with the Yoast SEO plugin v27.3 - https:\/\/yoast.com\/product\/yoast-seo-wordpress\/ -->\n<title>Recomendaciones - Villa Bella Estan\u00e7a<\/title>\n<meta name=\"robots\" content=\"index, follow, max-snippet:-1, max-image-preview:large, max-video-preview:-1\" \/>\n<link rel=\"canonical\" href=\"https:\/\/villabellaestanca.com\/es\/pagina-exemple\/\" \/>\n<meta property=\"og:locale\" content=\"es_ES\" \/>\n<meta property=\"og:type\" content=\"article\" \/>\n<meta property=\"og:title\" content=\"Recomendaciones - Villa Bella Estan\u00e7a\" \/>\n<meta property=\"og:description\" content=\"Recomendaciones...\" \/>\n<meta property=\"og:url\" content=\"https:\/\/villabellaestanca.com\/es\/pagina-exemple\/\" \/>\n<meta property=\"og:site_name\" content=\"Villa Bella Estan\u00e7a\" \/>\n<meta property=\"article:modified_time\" content=\"2024-08-26T11:54:32+00:00\" \/>\n<meta name=\"twitter:card\" content=\"summary_large_image\" \/>\n<meta name=\"twitter:label1\" content=\"Tiempo de lectura\" \/>\n\t<meta name=\"twitter:data1\" content=\"1 minuto\" \/>\n<script type=\"application\/ld+json\" class=\"yoast-schema-graph\">{\"@context\":\"https:\\\/\\\/schema.org\",\"@graph\":[{\"@type\":\"WebPage\",\"@id\":\"https:\\\/\\\/villabellaestanca.com\\\/es\\\/pagina-exemple\\\/\",\"url\":\"https:\\\/\\\/villabellaestanca.com\\\/es\\\/pagina-exemple\\\/\",\"name\":\"Recomendaciones - Villa Bella Estan\u00e7a\",\"isPartOf\":{\"@id\":\"https:\\\/\\\/villabellaestanca.com\\\/#website\"},\"datePublished\":\"2020-08-27T17:18:36+00:00\",\"dateModified\":\"2024-08-26T11:54:32+00:00\",\"breadcrumb\":{\"@id\":\"https:\\\/\\\/villabellaestanca.com\\\/es\\\/pagina-exemple\\\/#breadcrumb\"},\"inLanguage\":\"es\",\"potentialAction\":[{\"@type\":\"ReadAction\",\"target\":[\"https:\\\/\\\/villabellaestanca.com\\\/es\\\/pagina-exemple\\\/\"]}]},{\"@type\":\"BreadcrumbList\",\"@id\":\"https:\\\/\\\/villabellaestanca.com\\\/es\\\/pagina-exemple\\\/#breadcrumb\",\"itemListElement\":[{\"@type\":\"ListItem\",\"position\":1,\"name\":\"Inici\",\"item\":\"https:\\\/\\\/villabellaestanca.com\\\/es\\\/\"},{\"@type\":\"ListItem\",\"position\":2,\"name\":\"Recomendaciones\"}]},{\"@type\":\"WebSite\",\"@id\":\"https:\\\/\\\/villabellaestanca.com\\\/#website\",\"url\":\"https:\\\/\\\/villabellaestanca.com\\\/\",\"name\":\"Villa Bella Estan\u00e7a\",\"description\":\"All the comforts of a family home to enjoy your best vacations, in Castelldefels, Barcelona.\",\"publisher\":{\"@id\":\"https:\\\/\\\/villabellaestanca.com\\\/#organization\"},\"potentialAction\":[{\"@type\":\"SearchAction\",\"target\":{\"@type\":\"EntryPoint\",\"urlTemplate\":\"https:\\\/\\\/villabellaestanca.com\\\/?s={search_term_string}\"},\"query-input\":{\"@type\":\"PropertyValueSpecification\",\"valueRequired\":true,\"valueName\":\"search_term_string\"}}],\"inLanguage\":\"es\"},{\"@type\":\"Organization\",\"@id\":\"https:\\\/\\\/villabellaestanca.com\\\/#organization\",\"name\":\"Villa Bella Estan\u00e7a\",\"url\":\"https:\\\/\\\/villabellaestanca.com\\\/\",\"logo\":{\"@type\":\"ImageObject\",\"inLanguage\":\"es\",\"@id\":\"https:\\\/\\\/villabellaestanca.com\\\/#\\\/schema\\\/logo\\\/image\\\/\",\"url\":\"https:\\\/\\\/villabellaestanca.com\\\/wp-content\\\/uploads\\\/2020\\\/08\\\/cropped-Three-Frame-Tea-Set-Photo-Facebook-Cover-1.png\",\"contentUrl\":\"https:\\\/\\\/villabellaestanca.com\\\/wp-content\\\/uploads\\\/2020\\\/08\\\/cropped-Three-Frame-Tea-Set-Photo-Facebook-Cover-1.png\",\"width\":709,\"height\":130,\"caption\":\"Villa Bella Estan\u00e7a\"},\"image\":{\"@id\":\"https:\\\/\\\/villabellaestanca.com\\\/#\\\/schema\\\/logo\\\/image\\\/\"}}]}<\/script>\n<!-- \/ Yoast SEO plugin. -->","yoast_head_json":{"title":"Recomendaciones - Villa Bella Estan\u00e7a","robots":{"index":"index","follow":"follow","max-snippet":"max-snippet:-1","max-image-preview":"max-image-preview:large","max-video-preview":"max-video-preview:-1"},"canonical":"https:\/\/villabellaestanca.com\/es\/pagina-exemple\/","og_locale":"es_ES","og_type":"article","og_title":"Recomendaciones - Villa Bella Estan\u00e7a","og_description":"Recomendaciones...","og_url":"https:\/\/villabellaestanca.com\/es\/pagina-exemple\/","og_site_name":"Villa Bella Estan\u00e7a","article_modified_time":"2024-08-26T11:54:32+00:00","twitter_card":"summary_large_image","twitter_misc":{"Tiempo de lectura":"1 minuto"},"schema":{"@context":"https:\/\/schema.org","@graph":[{"@type":"WebPage","@id":"https:\/\/villabellaestanca.com\/es\/pagina-exemple\/","url":"https:\/\/villabellaestanca.com\/es\/pagina-exemple\/","name":"Recomendaciones - Villa Bella Estan\u00e7a","isPartOf":{"@id":"https:\/\/villabellaestanca.com\/#website"},"datePublished":"2020-08-27T17:18:36+00:00","dateModified":"2024-08-26T11:54:32+00:00","breadcrumb":{"@id":"https:\/\/villabellaestanca.com\/es\/pagina-exemple\/#breadcrumb"},"inLanguage":"es","potentialAction":[{"@type":"ReadAction","target":["https:\/\/villabellaestanca.com\/es\/pagina-exemple\/"]}]},{"@type":"BreadcrumbList","@id":"https:\/\/villabellaestanca.com\/es\/pagina-exemple\/#breadcrumb","itemListElement":[{"@type":"ListItem","position":1,"name":"Inici","item":"https:\/\/villabellaestanca.com\/es\/"},{"@type":"ListItem","position":2,"name":"Recomendaciones"}]},{"@type":"WebSite","@id":"https:\/\/villabellaestanca.com\/#website","url":"https:\/\/villabellaestanca.com\/","name":"Villa Bella Estan\u00e7a","description":"All the comforts of a family home to enjoy your best vacations, in Castelldefels, Barcelona.","publisher":{"@id":"https:\/\/villabellaestanca.com\/#organization"},"potentialAction":[{"@type":"SearchAction","target":{"@type":"EntryPoint","urlTemplate":"https:\/\/villabellaestanca.com\/?s={search_term_string}"},"query-input":{"@type":"PropertyValueSpecification","valueRequired":true,"valueName":"search_term_string"}}],"inLanguage":"es"},{"@type":"Organization","@id":"https:\/\/villabellaestanca.com\/#organization","name":"Villa Bella Estan\u00e7a","url":"https:\/\/villabellaestanca.com\/","logo":{"@type":"ImageObject","inLanguage":"es","@id":"https:\/\/villabellaestanca.com\/#\/schema\/logo\/image\/","url":"https:\/\/villabellaestanca.com\/wp-content\/uploads\/2020\/08\/cropped-Three-Frame-Tea-Set-Photo-Facebook-Cover-1.png","contentUrl":"https:\/\/villabellaestanca.com\/wp-content\/uploads\/2020\/08\/cropped-Three-Frame-Tea-Set-Photo-Facebook-Cover-1.png","width":709,"height":130,"caption":"Villa Bella Estan\u00e7a"},"image":{"@id":"https:\/\/villabellaestanca.com\/#\/schema\/logo\/image\/"}}]}},"_links":{"self":[{"href":"https:\/\/villabellaestanca.com\/es\/wp-json\/wp\/v2\/pages\/756","targetHints":{"allow":["GET"]}}],"collection":[{"href":"https:\/\/villabellaestanca.com\/es\/wp-json\/wp\/v2\/pages"}],"about":[{"href":"https:\/\/villabellaestanca.com\/es\/wp-json\/wp\/v2\/types\/page"}],"author":[{"embeddable":true,"href":"https:\/\/villabellaestanca.com\/es\/wp-json\/wp\/v2\/users\/1"}],"replies":[{"embeddable":true,"href":"https:\/\/villabellaestanca.com\/es\/wp-json\/wp\/v2\/comments?post=756"}],"version-history":[{"count":6,"href":"https:\/\/villabellaestanca.com\/es\/wp-json\/wp\/v2\/pages\/756\/revisions"}],"predecessor-version":[{"id":884768,"href":"https:\/\/villabellaestanca.com\/es\/wp-json\/wp\/v2\/pages\/756\/revisions\/884768"}],"wp:attachment":[{"href":"https:\/\/villabellaestanca.com\/es\/wp-json\/wp\/v2\/media?parent=756"}],"curies":[{"name":"wp","href":"https:\/\/api.w.org\/{rel}","templated":true}]}}