{"id":777,"date":"2020-08-31T22:07:09","date_gmt":"2020-08-31T20:07:09","guid":{"rendered":"https:\/\/villabellaestanca.com\/book-now\/"},"modified":"2024-08-27T19:26:15","modified_gmt":"2024-08-27T17:26:15","slug":"book-now","status":"publish","type":"page","link":"https:\/\/villabellaestanca.com\/es\/book-now\/","title":{"rendered":"Reserva ahora"},"content":{"rendered":"<p>[et_pb_section fb_built=\u00bb1&#8243; admin_label=\u00bbsection\u00bb _builder_version=\u00bb4.16&#8243; global_colors_info=\u00bb{}\u00bb][et_pb_row column_structure=\u00bb1_2,1_2&#8243; _builder_version=\u00bb4.27.0&#8243; _module_preset=\u00bbdefault\u00bb background_color=\u00bb#00084C\u00bb transform_scale=\u00bb116%|116%\u00bb width=\u00bb64%\u00bb max_width=\u00bb1252px\u00bb module_alignment=\u00bbcenter\u00bb border_radii=\u00bbon|10px|10px|10px|10px\u00bb global_colors_info=\u00bb{}\u00bb][et_pb_column type=\u00bb1_2&#8243; _builder_version=\u00bb4.27.0&#8243; _module_preset=\u00bbdefault\u00bb global_colors_info=\u00bb{}\u00bb][et_pb_image src=\u00bbhttps:\/\/villabellaestanca.com\/wp-content\/uploads\/2024\/08\/20230318_125443-scaled.jpg\u00bb title_text=\u00bb20230318_125443&#8243; _builder_version=\u00bb4.27.0&#8243; _module_preset=\u00bbdefault\u00bb global_colors_info=\u00bb{}\u00bb][\/et_pb_image][\/et_pb_column][et_pb_column type=\u00bb1_2&#8243; _builder_version=\u00bb4.27.0&#8243; _module_preset=\u00bbdefault\u00bb background_color=\u00bb#00084C\u00bb global_colors_info=\u00bb{}\u00bb][et_pb_heading title=\u00bb\u00bfQuieres disfrutar de todas las comodidades de una casa familiar? \u00bfQuieres pasar unos d\u00edas descansando, al lado de la playa, bajo la sombra de los pinos?  \u00bfQuieres disfrutar de una piscina y un precioso jard\u00edn sin horarios ni restricciones? Villa Bella Estan\u00e7a es la mejor opci\u00f3n para que aproveches tus vacaciones. \u00a1Reserva ahora, nuestra casa te est\u00e1 esperando!\u00bb _builder_version=\u00bb4.27.0&#8243; _module_preset=\u00bbdefault\u00bb title_level=\u00bbh4&#8243; title_font=\u00bbCambo||||||||\u00bb title_text_align=\u00bbcenter\u00bb title_text_color=\u00bb#FFFFFF\u00bb background_color=\u00bb#00084C\u00bb min_height=\u00bb287px\u00bb custom_margin=\u00bb|||-31px||\u00bb hover_enabled=\u00bb0&#8243; global_colors_info=\u00bb{}\u00bb sticky_enabled=\u00bb0&#8243;][\/et_pb_heading][\/et_pb_column][\/et_pb_row][et_pb_row admin_label=\u00bbrow\u00bb _builder_version=\u00bb4.16&#8243; background_size=\u00bbinitial\u00bb background_position=\u00bbtop_left\u00bb background_repeat=\u00bbrepeat\u00bb global_colors_info=\u00bb{}\u00bb][et_pb_column type=\u00bb4_4&#8243; _builder_version=\u00bb4.16&#8243; custom_padding=\u00bb|||\u00bb global_colors_info=\u00bb{}\u00bb custom_padding__hover=\u00bb|||\u00bb][et_pb_text admin_label=\u00bbText\u00bb _builder_version=\u00bb4.27.0&#8243; background_size=\u00bbinitial\u00bb background_position=\u00bbtop_left\u00bb background_repeat=\u00bbrepeat\u00bb global_colors_info=\u00bb{}\u00bb]<\/p>\n<h6 style=\"text-align: center;\"><\/h6>\n<div class=\"mphb_sc_room-wrapper \"><div class=\"mphb-room-type post-827 mphb_room_type type-mphb_room_type status-publish mphb_room_type_facility-3-full-bathrooms-es mphb_room_type_facility-free-wifi-es mphb_room_type_facility-full-kitchen-es mphb_room_type_facility-parking-es mphb_room_type_facility-private-garden-es mphb_room_type_facility-private-pool-es mphb_room_type_facility-six-bicycles-es mphb-room-type-adults-6 mphb-room-type-children-0 has-taxes-and-fees\">\n\n\t\n\t\n\n<p>Our home is ready for you! \u00a0<\/p>\n\n\n<h3 class=\"mphb-room-type-details-title\">Detalles<\/h3><ul class=\"mphb-loop-room-type-attributes\">\n\n\n\t<li class=\"mphb-room-type-facilities\"><span class=\"mphb-attribute-title mphb-facilities-title\">Servicios<\/span><span class=\"mphb-attribute-value\"> <span class=\"facility-3-full-bathrooms-es\"><a href=\"https:\/\/villabellaestanca.com\/es\/accommodation-facility\/3-full-bathrooms-es\/\">3 full bathrooms<\/a><\/span>, <span class=\"facility-free-wifi-es\"><a href=\"https:\/\/villabellaestanca.com\/es\/accommodation-facility\/free-wifi-es\/\">Free Wifi<\/a><\/span>, <span class=\"facility-full-kitchen-es\"><a href=\"https:\/\/villabellaestanca.com\/es\/accommodation-facility\/full-kitchen-es\/\">Full kitchen<\/a><\/span>, <span class=\"facility-parking-es\"><a href=\"https:\/\/villabellaestanca.com\/es\/accommodation-facility\/parking-es\/\">Parking<\/a><\/span>, <span class=\"facility-private-garden-es\"><a href=\"https:\/\/villabellaestanca.com\/es\/accommodation-facility\/private-garden-es\/\">Private garden<\/a><\/span>, <span class=\"facility-private-pool-es\"><a href=\"https:\/\/villabellaestanca.com\/es\/accommodation-facility\/private-pool-es\/\">Private Pool<\/a><\/span>, <span class=\"facility-six-bicycles-es\"><a href=\"https:\/\/villabellaestanca.com\/es\/accommodation-facility\/six-bicycles-es\/\">Six bicycles<\/a><\/span><\/span><\/li>\n\n\n\n\n\n\n\n\n<\/ul>\n\n\t<p class=\"mphb-regular-price\"><strong>Precio desde:<\/strong>\n\t<span class=\"mphb-price\">1,140<span class=\"mphb-currency\">&euro;<\/span><\/span> <span class=\"mphb-price-period\" title=\"Establezca las fechas para ver los precios adecuados\">por 3 noches<\/span><span class=\"mphb-tax-information taxes-included\"> (+taxes and fees)<\/span>\n\t<\/p>\n\n<div class=\"mphb-to-book-btn-wrapper\">\n<form action=\"https:\/\/villabellaestanca.com\/es\/accommodation\/villa-bella-estanca\/#booking-form-827\" method=\"get\" ><button type=\"submit\" class=\"button mphb-book-button\" >Hacer reserva<\/button><\/form>\n<br\/><\/div>\n\t\n<\/div><\/div>\n<p>[\/et_pb_text][\/et_pb_column][\/et_pb_row][\/et_pb_section]<\/p>\n","protected":false},"excerpt":{"rendered":"<p>[et_pb_section fb_built=\u00bb1&#8243; admin_label=\u00bbsection\u00bb _builder_version=\u00bb4.16&#8243; global_colors_info=\u00bb{}\u00bb][et_pb_row column_structure=\u00bb1_2,1_2&#8243; _builder_version=\u00bb4.27.0&#8243; _module_preset=\u00bbdefault\u00bb background_color=\u00bb#00084C\u00bb transform_scale=\u00bb116%|116%\u00bb width=\u00bb64%\u00bb max_width=\u00bb1252px\u00bb module_alignment=\u00bbcenter\u00bb border_radii=\u00bbon|10px|10px|10px|10px\u00bb global_colors_info=\u00bb{}\u00bb][et_pb_column type=\u00bb1_2&#8243; _builder_version=\u00bb4.27.0&#8243; _module_preset=\u00bbdefault\u00bb global_colors_info=\u00bb{}\u00bb][et_pb_image src=\u00bbhttps:\/\/villabellaestanca.com\/wp-content\/uploads\/2024\/08\/20230318_125443-scaled.jpg\u00bb<\/p>\n","protected":false},"author":1,"featured_media":0,"parent":0,"menu_order":0,"comment_status":"closed","ping_status":"closed","template":"","meta":{"_et_pb_use_builder":"on","_et_pb_old_content":"<h6 style=\"text-align: center;\"><span>Do you want to enjoy all the comforts of a family home?Do you want to spend a few days of rest, near the beach, under the shade of the pines?Would you like to enjoy the pool and garden without opening <span style=\"font-family: inherit; font-weight: 400;\">hours?<\/span><\/span><span style=\"font-weight: 400;\"><span style=\"font-family: Courgette;\"><span><span><\/span><\/span><\/span><\/span><\/h6><h6 style=\"text-align: center;\"><span style=\"font-family: Courgette; font-weight: 400;\">Villa Bella Estan\u00e7a<\/span> is the best option for enjoy your vacation<\/h6><h6 style=\"text-align: center;\"><span>Book now here<\/span><strong><span>, we are waiting for you!<\/span><\/strong><\/h6>[mphb_room id=\"476\" title=\"false\" featured_image=\"false\"]","_et_gb_content_width":"","footnotes":""},"class_list":["post-777","page","type-page","status-publish","hentry"],"yoast_head":"<!-- This site is optimized with the Yoast SEO plugin v27.3 - https:\/\/yoast.com\/product\/yoast-seo-wordpress\/ -->\n<title>Reserva ahora - Villa Bella Estan\u00e7a<\/title>\n<meta name=\"robots\" content=\"index, follow, max-snippet:-1, max-image-preview:large, max-video-preview:-1\" \/>\n<link rel=\"canonical\" href=\"https:\/\/villabellaestanca.com\/book-now\/\" \/>\n<meta property=\"og:locale\" content=\"es_ES\" \/>\n<meta property=\"og:type\" content=\"article\" \/>\n<meta property=\"og:title\" content=\"Reserva ahora - Villa Bella Estan\u00e7a\" \/>\n<meta property=\"og:description\" content=\"[et_pb_section fb_built=\u00bb1&#8243; admin_label=\u00bbsection\u00bb _builder_version=\u00bb4.16&#8243; global_colors_info=\u00bb{}\u00bb][et_pb_row column_structure=\u00bb1_2,1_2&#8243; _builder_version=\u00bb4.27.0&#8243; _module_preset=\u00bbdefault\u00bb background_color=\u00bb#00084C\u00bb transform_scale=\u00bb116%|116%\u00bb width=\u00bb64%\u00bb max_width=\u00bb1252px\u00bb module_alignment=\u00bbcenter\u00bb border_radii=\u00bbon|10px|10px|10px|10px\u00bb global_colors_info=\u00bb{}\u00bb][et_pb_column type=\u00bb1_2&#8243; _builder_version=\u00bb4.27.0&#8243; _module_preset=\u00bbdefault\u00bb global_colors_info=\u00bb{}\u00bb][et_pb_image src=\u00bbhttps:\/\/villabellaestanca.com\/wp-content\/uploads\/2024\/08\/20230318_125443-scaled.jpg\u00bb\" \/>\n<meta property=\"og:url\" content=\"https:\/\/villabellaestanca.com\/book-now\/\" \/>\n<meta property=\"og:site_name\" content=\"Villa Bella Estan\u00e7a\" \/>\n<meta property=\"article:modified_time\" content=\"2024-08-27T17:26:15+00:00\" \/>\n<meta name=\"twitter:card\" content=\"summary_large_image\" \/>\n<meta name=\"twitter:label1\" content=\"Tiempo de lectura\" \/>\n\t<meta name=\"twitter:data1\" content=\"1 minuto\" \/>\n<script type=\"application\/ld+json\" class=\"yoast-schema-graph\">{\"@context\":\"https:\\\/\\\/schema.org\",\"@graph\":[{\"@type\":\"WebPage\",\"@id\":\"https:\\\/\\\/villabellaestanca.com\\\/book-now\\\/\",\"url\":\"https:\\\/\\\/villabellaestanca.com\\\/book-now\\\/\",\"name\":\"Reserva ahora - Villa Bella Estan\u00e7a\",\"isPartOf\":{\"@id\":\"https:\\\/\\\/villabellaestanca.com\\\/#website\"},\"datePublished\":\"2020-08-31T20:07:09+00:00\",\"dateModified\":\"2024-08-27T17:26:15+00:00\",\"breadcrumb\":{\"@id\":\"https:\\\/\\\/villabellaestanca.com\\\/book-now\\\/#breadcrumb\"},\"inLanguage\":\"es\",\"potentialAction\":[{\"@type\":\"ReadAction\",\"target\":[\"https:\\\/\\\/villabellaestanca.com\\\/book-now\\\/\"]}]},{\"@type\":\"BreadcrumbList\",\"@id\":\"https:\\\/\\\/villabellaestanca.com\\\/book-now\\\/#breadcrumb\",\"itemListElement\":[{\"@type\":\"ListItem\",\"position\":1,\"name\":\"Inici\",\"item\":\"https:\\\/\\\/villabellaestanca.com\\\/es\\\/\"},{\"@type\":\"ListItem\",\"position\":2,\"name\":\"Reserva ahora\"}]},{\"@type\":\"WebSite\",\"@id\":\"https:\\\/\\\/villabellaestanca.com\\\/#website\",\"url\":\"https:\\\/\\\/villabellaestanca.com\\\/\",\"name\":\"Villa Bella Estan\u00e7a\",\"description\":\"All the comforts of a family home to enjoy your best vacations, in Castelldefels, Barcelona.\",\"publisher\":{\"@id\":\"https:\\\/\\\/villabellaestanca.com\\\/#organization\"},\"potentialAction\":[{\"@type\":\"SearchAction\",\"target\":{\"@type\":\"EntryPoint\",\"urlTemplate\":\"https:\\\/\\\/villabellaestanca.com\\\/?s={search_term_string}\"},\"query-input\":{\"@type\":\"PropertyValueSpecification\",\"valueRequired\":true,\"valueName\":\"search_term_string\"}}],\"inLanguage\":\"es\"},{\"@type\":\"Organization\",\"@id\":\"https:\\\/\\\/villabellaestanca.com\\\/#organization\",\"name\":\"Villa Bella Estan\u00e7a\",\"url\":\"https:\\\/\\\/villabellaestanca.com\\\/\",\"logo\":{\"@type\":\"ImageObject\",\"inLanguage\":\"es\",\"@id\":\"https:\\\/\\\/villabellaestanca.com\\\/#\\\/schema\\\/logo\\\/image\\\/\",\"url\":\"https:\\\/\\\/villabellaestanca.com\\\/wp-content\\\/uploads\\\/2020\\\/08\\\/cropped-Three-Frame-Tea-Set-Photo-Facebook-Cover-1.png\",\"contentUrl\":\"https:\\\/\\\/villabellaestanca.com\\\/wp-content\\\/uploads\\\/2020\\\/08\\\/cropped-Three-Frame-Tea-Set-Photo-Facebook-Cover-1.png\",\"width\":709,\"height\":130,\"caption\":\"Villa Bella Estan\u00e7a\"},\"image\":{\"@id\":\"https:\\\/\\\/villabellaestanca.com\\\/#\\\/schema\\\/logo\\\/image\\\/\"}}]}<\/script>\n<!-- \/ Yoast SEO plugin. -->","yoast_head_json":{"title":"Reserva ahora - Villa Bella Estan\u00e7a","robots":{"index":"index","follow":"follow","max-snippet":"max-snippet:-1","max-image-preview":"max-image-preview:large","max-video-preview":"max-video-preview:-1"},"canonical":"https:\/\/villabellaestanca.com\/book-now\/","og_locale":"es_ES","og_type":"article","og_title":"Reserva ahora - Villa Bella Estan\u00e7a","og_description":"[et_pb_section fb_built=\u00bb1&#8243; admin_label=\u00bbsection\u00bb _builder_version=\u00bb4.16&#8243; global_colors_info=\u00bb{}\u00bb][et_pb_row column_structure=\u00bb1_2,1_2&#8243; _builder_version=\u00bb4.27.0&#8243; _module_preset=\u00bbdefault\u00bb background_color=\u00bb#00084C\u00bb transform_scale=\u00bb116%|116%\u00bb width=\u00bb64%\u00bb max_width=\u00bb1252px\u00bb module_alignment=\u00bbcenter\u00bb border_radii=\u00bbon|10px|10px|10px|10px\u00bb global_colors_info=\u00bb{}\u00bb][et_pb_column type=\u00bb1_2&#8243; _builder_version=\u00bb4.27.0&#8243; _module_preset=\u00bbdefault\u00bb global_colors_info=\u00bb{}\u00bb][et_pb_image src=\u00bbhttps:\/\/villabellaestanca.com\/wp-content\/uploads\/2024\/08\/20230318_125443-scaled.jpg\u00bb","og_url":"https:\/\/villabellaestanca.com\/book-now\/","og_site_name":"Villa Bella Estan\u00e7a","article_modified_time":"2024-08-27T17:26:15+00:00","twitter_card":"summary_large_image","twitter_misc":{"Tiempo de lectura":"1 minuto"},"schema":{"@context":"https:\/\/schema.org","@graph":[{"@type":"WebPage","@id":"https:\/\/villabellaestanca.com\/book-now\/","url":"https:\/\/villabellaestanca.com\/book-now\/","name":"Reserva ahora - Villa Bella Estan\u00e7a","isPartOf":{"@id":"https:\/\/villabellaestanca.com\/#website"},"datePublished":"2020-08-31T20:07:09+00:00","dateModified":"2024-08-27T17:26:15+00:00","breadcrumb":{"@id":"https:\/\/villabellaestanca.com\/book-now\/#breadcrumb"},"inLanguage":"es","potentialAction":[{"@type":"ReadAction","target":["https:\/\/villabellaestanca.com\/book-now\/"]}]},{"@type":"BreadcrumbList","@id":"https:\/\/villabellaestanca.com\/book-now\/#breadcrumb","itemListElement":[{"@type":"ListItem","position":1,"name":"Inici","item":"https:\/\/villabellaestanca.com\/es\/"},{"@type":"ListItem","position":2,"name":"Reserva ahora"}]},{"@type":"WebSite","@id":"https:\/\/villabellaestanca.com\/#website","url":"https:\/\/villabellaestanca.com\/","name":"Villa Bella Estan\u00e7a","description":"All the comforts of a family home to enjoy your best vacations, in Castelldefels, Barcelona.","publisher":{"@id":"https:\/\/villabellaestanca.com\/#organization"},"potentialAction":[{"@type":"SearchAction","target":{"@type":"EntryPoint","urlTemplate":"https:\/\/villabellaestanca.com\/?s={search_term_string}"},"query-input":{"@type":"PropertyValueSpecification","valueRequired":true,"valueName":"search_term_string"}}],"inLanguage":"es"},{"@type":"Organization","@id":"https:\/\/villabellaestanca.com\/#organization","name":"Villa Bella Estan\u00e7a","url":"https:\/\/villabellaestanca.com\/","logo":{"@type":"ImageObject","inLanguage":"es","@id":"https:\/\/villabellaestanca.com\/#\/schema\/logo\/image\/","url":"https:\/\/villabellaestanca.com\/wp-content\/uploads\/2020\/08\/cropped-Three-Frame-Tea-Set-Photo-Facebook-Cover-1.png","contentUrl":"https:\/\/villabellaestanca.com\/wp-content\/uploads\/2020\/08\/cropped-Three-Frame-Tea-Set-Photo-Facebook-Cover-1.png","width":709,"height":130,"caption":"Villa Bella Estan\u00e7a"},"image":{"@id":"https:\/\/villabellaestanca.com\/#\/schema\/logo\/image\/"}}]}},"_links":{"self":[{"href":"https:\/\/villabellaestanca.com\/es\/wp-json\/wp\/v2\/pages\/777","targetHints":{"allow":["GET"]}}],"collection":[{"href":"https:\/\/villabellaestanca.com\/es\/wp-json\/wp\/v2\/pages"}],"about":[{"href":"https:\/\/villabellaestanca.com\/es\/wp-json\/wp\/v2\/types\/page"}],"author":[{"embeddable":true,"href":"https:\/\/villabellaestanca.com\/es\/wp-json\/wp\/v2\/users\/1"}],"replies":[{"embeddable":true,"href":"https:\/\/villabellaestanca.com\/es\/wp-json\/wp\/v2\/comments?post=777"}],"version-history":[{"count":6,"href":"https:\/\/villabellaestanca.com\/es\/wp-json\/wp\/v2\/pages\/777\/revisions"}],"predecessor-version":[{"id":884788,"href":"https:\/\/villabellaestanca.com\/es\/wp-json\/wp\/v2\/pages\/777\/revisions\/884788"}],"wp:attachment":[{"href":"https:\/\/villabellaestanca.com\/es\/wp-json\/wp\/v2\/media?parent=777"}],"curies":[{"name":"wp","href":"https:\/\/api.w.org\/{rel}","templated":true}]}}